{"id":55,"date":"2025-10-14T07:40:24","date_gmt":"2025-10-14T07:40:24","guid":{"rendered":"http:\/\/reflexo.cluster100.hosting.ovh.net\/index.php\/home\/"},"modified":"2025-11-12T11:23:32","modified_gmt":"2025-11-12T11:23:32","slug":"a-propos","status":"publish","type":"page","link":"https:\/\/reflexomagnetique.com\/index.php\/a-propos\/","title":{"rendered":"A propos"},"content":{"rendered":"\t\t<div data-elementor-type=\"wp-page\" data-elementor-id=\"55\" class=\"elementor elementor-55\">\n\t\t\t\t<div class=\"elementor-element elementor-element-6ea82c4 e-flex e-con-boxed e-con e-parent\" data-id=\"6ea82c4\" data-element_type=\"container\" data-e-type=\"container\" data-settings=\"{&quot;background_background&quot;:&quot;classic&quot;}\">\n\t\t\t\t\t<div class=\"e-con-inner\">\n\t\t<div class=\"elementor-element elementor-element-b9b30f6 e-con-full e-flex e-con e-child\" data-id=\"b9b30f6\" data-element_type=\"container\" data-e-type=\"container\">\n\t\t\t\t<div class=\"elementor-element elementor-element-1eb09a9 elementor-widget elementor-widget-image\" data-id=\"1eb09a9\" data-element_type=\"widget\" data-e-type=\"widget\" data-widget_type=\"image.default\">\n\t\t\t\t\t\t\t\t\t\t\t\t\t\t\t<img fetchpriority=\"high\" decoding=\"async\" width=\"225\" height=\"300\" src=\"https:\/\/reflexomagnetique.com\/wp-content\/uploads\/2025\/10\/photo-2025-225x300.webp\" class=\"attachment-medium size-medium wp-image-140\" alt=\"\" srcset=\"https:\/\/reflexomagnetique.com\/wp-content\/uploads\/2025\/10\/photo-2025-225x300.webp 225w, https:\/\/reflexomagnetique.com\/wp-content\/uploads\/2025\/10\/photo-2025-768x1024.webp 768w, https:\/\/reflexomagnetique.com\/wp-content\/uploads\/2025\/10\/photo-2025-1152x1536.jpg 1152w, https:\/\/reflexomagnetique.com\/wp-content\/uploads\/2025\/10\/photo-2025-1536x2048.jpg 1536w, https:\/\/reflexomagnetique.com\/wp-content\/uploads\/2025\/10\/photo-2025-1800x2400.jpg 1800w, https:\/\/reflexomagnetique.com\/wp-content\/uploads\/2025\/10\/photo-2025-900x1200.jpg 900w, https:\/\/reflexomagnetique.com\/wp-content\/uploads\/2025\/10\/photo-2025-scaled.webp 1440w\" sizes=\"(max-width: 225px) 100vw, 225px\" \/>\t\t\t\t\t\t\t\t\t\t\t\t\t\t\t<\/div>\n\t\t\t\t<\/div>\n\t\t<div class=\"elementor-element elementor-element-a5ef2ee e-con-full e-flex e-con e-child\" data-id=\"a5ef2ee\" data-element_type=\"container\" data-e-type=\"container\">\n\t\t\t\t<div class=\"elementor-element elementor-element-bcb7b2a elementor-widget elementor-widget-text-editor\" data-id=\"bcb7b2a\" data-element_type=\"widget\" data-e-type=\"widget\" data-widget_type=\"text-editor.default\">\n\t\t\t\t\t\t\t\t\t<p>Praticienne certifi\u00e9e en r\u00e9flexologie, j&rsquo;accompagne les adultes, enfants et adolescents.<\/p><p>Je pratique la r\u00e9flexologie de la t\u00eate aux pieds, c&rsquo;est \u00e0 dire la r\u00e9flexologie du visage, du dos, des mains et des pieds.<\/p><p>Toutes ces zones contiennent en elles des repr\u00e9sentations du corps entier, du fait des trajets des nerfs et fascias qui parcourent le corps de part en part.<\/p><p>J&rsquo;ai \u00e0 c\u0153ur d&rsquo;int\u00e9grer \u00e0 mes protocoles les r\u00e9cents savoirs scientifiques sur le corps humain comme l&rsquo;importance du nerf vague, l&rsquo;\u00e9pig\u00e9n\u00e9tique, le r\u00f4le du syst\u00e8me nerveux autonome.<\/p><p>Pourquoi? Gr\u00e2ce \u00e0 mes comp\u00e9tences et ces savoirs, cela me permet de vous offrir une approche globale de vos troubles chroniques physique sans omettre leurs causes et cons\u00e9quences \u00e9motionnelles.<\/p>\t\t\t\t\t\t\t\t<\/div>\n\t\t\t\t<\/div>\n\t\t\t\t\t<\/div>\n\t\t\t\t<\/div>\n\t\t<div class=\"elementor-element elementor-element-3eae8b5 e-flex e-con-boxed e-con e-parent\" data-id=\"3eae8b5\" data-element_type=\"container\" data-e-type=\"container\">\n\t\t\t\t\t<div class=\"e-con-inner\">\n\t\t\t\t<div class=\"elementor-element elementor-element-22dc8ae elementor-widget-divider--view-line elementor-widget elementor-widget-divider\" data-id=\"22dc8ae\" data-element_type=\"widget\" data-e-type=\"widget\" data-widget_type=\"divider.default\">\n\t\t\t\t\t\t\t<div class=\"elementor-divider\">\n\t\t\t<span class=\"elementor-divider-separator\">\n\t\t\t\t\t\t<\/span>\n\t\t<\/div>\n\t\t\t\t\t\t<\/div>\n\t\t\t\t\t<\/div>\n\t\t\t\t<\/div>\n\t\t<div class=\"elementor-element elementor-element-f9bb64a e-flex e-con-boxed e-con e-parent\" data-id=\"f9bb64a\" data-element_type=\"container\" data-e-type=\"container\">\n\t\t\t\t\t<div class=\"e-con-inner\">\n\t\t\t\t<div class=\"elementor-element elementor-element-40fc5bd elementor-widget elementor-widget-text-editor\" data-id=\"40fc5bd\" data-element_type=\"widget\" data-e-type=\"widget\" data-widget_type=\"text-editor.default\">\n\t\t\t\t\t\t\t\t\t<p><strong>La r\u00e9flexologie est une technique naturelle et manuelle qui lib\u00e8re les facult\u00e9s d\u2019auto-r\u00e9gulation du corps.<\/strong><\/p><p>La r\u00e9flexologie peut s\u2019adresser \u00e0 tout public, b\u00e9b\u00e9, enfant, adolescent, adulte, sportif, personnes en cours de traitement lourd.<\/p><p>Autant en accompagnement et pr\u00e9vention \u00e0 la sant\u00e9 qu\u2019en soutien, la r\u00e9flexologie a pour application principales :<\/p><ul><li>Relaxer, le stress \u00e9tant \u00e0 l\u2019origine de nombreux dysfonctionnements physiques et psychiques.<\/li><li>Activer la circulation sanguine et lymphatique, mobiliser les d\u00e9chets, stimuler les \u00e9monctoires et r\u00e9guler le syst\u00e8me nerveux.<\/li><li>Pr\u00e9venir, soulager, voire \u00e9liminer un grand nombre de troubles et favoriser l\u2019auto-r\u00e9gulation.<\/li><\/ul><p><em>D\u00e9finition par la f\u00e9d\u00e9ration fran\u00e7aise de r\u00e9flexologie<\/em><\/p>\t\t\t\t\t\t\t\t<\/div>\n\t\t\t\t\t<\/div>\n\t\t\t\t<\/div>\n\t\t<div class=\"elementor-element elementor-element-370e176 e-flex e-con-boxed e-con e-parent\" data-id=\"370e176\" data-element_type=\"container\" data-e-type=\"container\">\n\t\t\t\t\t<div class=\"e-con-inner\">\n\t\t\t\t<div class=\"elementor-element elementor-element-193b481 elementor-widget-divider--view-line elementor-widget elementor-widget-divider\" data-id=\"193b481\" data-element_type=\"widget\" data-e-type=\"widget\" data-widget_type=\"divider.default\">\n\t\t\t\t\t\t\t<div class=\"elementor-divider\">\n\t\t\t<span class=\"elementor-divider-separator\">\n\t\t\t\t\t\t<\/span>\n\t\t<\/div>\n\t\t\t\t\t\t<\/div>\n\t\t\t\t\t<\/div>\n\t\t\t\t<\/div>\n\t\t<div class=\"elementor-element elementor-element-f72859c e-flex e-con-boxed e-con e-parent\" data-id=\"f72859c\" data-element_type=\"container\" data-e-type=\"container\" data-settings=\"{&quot;background_background&quot;:&quot;classic&quot;}\">\n\t\t\t\t\t<div class=\"e-con-inner\">\n\t\t<div class=\"elementor-element elementor-element-b94c5a9 e-con-full e-flex e-con e-child\" data-id=\"b94c5a9\" data-element_type=\"container\" data-e-type=\"container\">\n\t\t\t\t<div class=\"elementor-element elementor-element-f873afe elementor-widget elementor-widget-text-editor\" data-id=\"f873afe\" data-element_type=\"widget\" data-e-type=\"widget\" data-widget_type=\"text-editor.default\">\n\t\t\t\t\t\t\t\t\t<h2>Mes formations<\/h2><p>Il est essentiel pour moi de rester connect\u00e9e aux derni\u00e8res actualit\u00e9s de la r\u00e9flexologie et en continuant de me former pour votre mieux-\u00eatre.<\/p><p><strong>2025-2026 Techniques sup\u00e9rieures \u00e0 m\u00e9diation r\u00e9flexe<\/strong> par le docteur Philippe Malafosse, m\u00e9decin du sport, osth\u00e9opathe, posturologue, charg\u00e9 de cours \u00e0 la facult\u00e9 de m\u00e9decine de Montpellier-N\u00eemes. Centre L&amp;A formations.<\/p><p><em>Cette formation explore la r\u00e9flexologie depuis le stade embryonnaire du corps humains jusqu&rsquo;au d\u00e9veloppement c\u00e9r\u00e9bral. Elle int\u00e8gre les propri\u00e9t\u00e9s magn\u00e9tiques des aimants pour agir sur les tensions.<\/em><\/p><p><strong>2025 Conseill\u00e8re huiles essentielles DOTERRA\u00a0<\/strong><\/p><p><strong>2023 R\u00e9flexologie p\u00e9rinatale<\/strong> &#8211; Anne Marmagne Centre Ami de formation<\/p><p><strong>2021 Formation en r\u00e9flexologie<\/strong>\u00a0 &#8211; Magali Monnier Centre Arborescens<\/p>\t\t\t\t\t\t\t\t<\/div>\n\t\t\t\t<\/div>\n\t\t<div class=\"elementor-element elementor-element-3a9b6ce e-con-full e-flex e-con e-child\" data-id=\"3a9b6ce\" data-element_type=\"container\" data-e-type=\"container\">\n\t\t\t\t<div class=\"elementor-element elementor-element-19784e1 elementor-widget elementor-widget-image\" data-id=\"19784e1\" data-element_type=\"widget\" data-e-type=\"widget\" data-widget_type=\"image.default\">\n\t\t\t\t\t\t\t\t\t\t\t\t\t\t\t<img decoding=\"async\" width=\"580\" height=\"835\" src=\"https:\/\/reflexomagnetique.com\/wp-content\/uploads\/2025\/10\/planche-reflexologie.webp\" class=\"attachment-large size-large wp-image-323\" alt=\"\" srcset=\"https:\/\/reflexomagnetique.com\/wp-content\/uploads\/2025\/10\/planche-reflexologie.webp 580w, https:\/\/reflexomagnetique.com\/wp-content\/uploads\/2025\/10\/planche-reflexologie-208x300.webp 208w\" sizes=\"(max-width: 580px) 100vw, 580px\" \/>\t\t\t\t\t\t\t\t\t\t\t\t\t\t\t<\/div>\n\t\t\t\t<\/div>\n\t\t\t\t\t<\/div>\n\t\t\t\t<\/div>\n\t\t<div class=\"elementor-element elementor-element-3a5f417 e-flex e-con-boxed e-con e-parent\" data-id=\"3a5f417\" data-element_type=\"container\" data-e-type=\"container\">\n\t\t\t\t\t<div class=\"e-con-inner\">\n\t\t\t\t<div class=\"elementor-element elementor-element-41b9f73 elementor-widget-divider--view-line elementor-widget elementor-widget-divider\" data-id=\"41b9f73\" data-element_type=\"widget\" data-e-type=\"widget\" data-widget_type=\"divider.default\">\n\t\t\t\t\t\t\t<div class=\"elementor-divider\">\n\t\t\t<span class=\"elementor-divider-separator\">\n\t\t\t\t\t\t<\/span>\n\t\t<\/div>\n\t\t\t\t\t\t<\/div>\n\t\t\t\t\t<\/div>\n\t\t\t\t<\/div>\n\t\t<div class=\"elementor-element elementor-element-a863ffa e-flex e-con-boxed e-con e-parent\" data-id=\"a863ffa\" data-element_type=\"container\" data-e-type=\"container\" data-settings=\"{&quot;background_background&quot;:&quot;classic&quot;}\">\n\t\t\t\t\t<div class=\"e-con-inner\">\n\t\t\t\t<div class=\"elementor-element elementor-element-6164582 elementor-widget elementor-widget-text-editor\" data-id=\"6164582\" data-element_type=\"widget\" data-e-type=\"widget\" data-widget_type=\"text-editor.default\">\n\t\t\t\t\t\t\t\t\t<h2>Contre-indications et code d\u00e9ontologie du m\u00e9tier de r\u00e9flexologue<\/h2><p><strong>Les contres indications :\u00a0<\/strong><\/p><p>Le massage en r\u00e9flexologie est associ\u00e9 \u00e0 un massage de confort, mais pour autant, il faut respecter certaines pr\u00e9cautions pour le bien de la personne mass\u00e9e.<\/p><p>La r\u00e9flexologie est contre-indiqu\u00e9e en cas de thrombose active ou r\u00e9cente ou de troubles de la circulation sanguine pouvant les favoriser, en cas de de maladie infectieuse \u00e9galement, de crise de fi\u00e8vre ou d&rsquo;inflammation.<\/p><p>Le massage n\u2019est pas pratiqu\u00e9 sur une zone l\u00e9s\u00e9e.\u00a0<\/p><p>Pour les grossesses, il est possible de pratiquer le massage en prenant soin d&rsquo;\u00e9viter les zones r\u00e9flexes de l\u2019ut\u00e9rus, du bassin, et les zones endocrines.\u00a0<\/p><p><strong>La f\u00e9d\u00e9ration internationale de r\u00e9flexologie (FIRMA) \u00e9nonce ces r\u00e8gles de d\u00e9ontologie :\u00a0<\/strong><\/p><ul><li>s\u2019abstenir d\u2019\u00e9tablir un quelconque diagnostic,<\/li><li>se garder d\u2019interrompre ou de modifier un traitement m\u00e9dical,<\/li><li>s\u2019interdire de prescrire ou conseiller des m\u00e9dicaments,<\/li><li>diriger sans d\u00e9lai vers un m\u00e9decin toute personne se plaignant ou pr\u00e9sentant les signes<br \/>d\u2019un malaise ou d\u2019une \u00e9ventuelle pathologie.<\/li><\/ul>\t\t\t\t\t\t\t\t<\/div>\n\t\t\t\t\t<\/div>\n\t\t\t\t<\/div>\n\t\t<div class=\"elementor-element elementor-element-044f95c e-flex e-con-boxed e-con e-parent\" data-id=\"044f95c\" data-element_type=\"container\" data-e-type=\"container\">\n\t\t\t\t\t<div class=\"e-con-inner\">\n\t\t\t\t<div class=\"elementor-element elementor-element-984425c elementor-widget-divider--view-line elementor-widget elementor-widget-divider\" data-id=\"984425c\" data-element_type=\"widget\" data-e-type=\"widget\" data-widget_type=\"divider.default\">\n\t\t\t\t\t\t\t<div class=\"elementor-divider\">\n\t\t\t<span class=\"elementor-divider-separator\">\n\t\t\t\t\t\t<\/span>\n\t\t<\/div>\n\t\t\t\t\t\t<\/div>\n\t\t\t\t\t<\/div>\n\t\t\t\t<\/div>\n\t\t<div class=\"elementor-element elementor-element-ef7cba6 e-flex e-con-boxed e-con e-parent\" data-id=\"ef7cba6\" data-element_type=\"container\" data-e-type=\"container\">\n\t\t\t\t\t<div class=\"e-con-inner\">\n\t\t<div class=\"elementor-element elementor-element-d9ae115 e-con-full e-flex e-con e-child\" data-id=\"d9ae115\" data-element_type=\"container\" data-e-type=\"container\">\n\t\t\t\t<div class=\"elementor-element elementor-element-8953346 elementor-widget elementor-widget-text-editor\" data-id=\"8953346\" data-element_type=\"widget\" data-e-type=\"widget\" data-widget_type=\"text-editor.default\">\n\t\t\t\t\t\t\t\t\t<p>Cynthia Lagadec<\/p><p>R\u00e9flexologue et magn\u00e9tiseuse<\/p>\t\t\t\t\t\t\t\t<\/div>\n\t\t\t\t<\/div>\n\t\t<div class=\"elementor-element elementor-element-c02a11e e-con-full e-flex e-con e-child\" data-id=\"c02a11e\" data-element_type=\"container\" data-e-type=\"container\">\n\t\t\t\t<div class=\"elementor-element elementor-element-4afd8b4 elementor-widget elementor-widget-text-editor\" data-id=\"4afd8b4\" data-element_type=\"widget\" data-e-type=\"widget\" data-widget_type=\"text-editor.default\">\n\t\t\t\t\t\t\t\t\t<p>Cabinet R\u00e9flexo&rsquo;magn\u00e9tique<\/p><p>P\u00f4le Sant\u00e9 et Bien-\u00eatre. 6 route de Plabennec 29860 Kersaint Plabennec<\/p><p>Sur RDV au 06 82 00 35 16 ou via l&rsquo;agenda en ligne<\/p>\t\t\t\t\t\t\t\t<\/div>\n\t\t\t\t<\/div>\n\t\t\t\t\t<\/div>\n\t\t\t\t<\/div>\n\t\t<div class=\"elementor-element elementor-element-3d00087 e-flex e-con-boxed e-con e-parent\" data-id=\"3d00087\" data-element_type=\"container\" data-e-type=\"container\">\n\t\t\t\t\t<div class=\"e-con-inner\">\n\t\t\t\t<div class=\"elementor-element elementor-element-1c9a8d2 elementor-widget-divider--view-line elementor-widget elementor-widget-divider\" data-id=\"1c9a8d2\" data-element_type=\"widget\" data-e-type=\"widget\" data-widget_type=\"divider.default\">\n\t\t\t\t\t\t\t<div class=\"elementor-divider\">\n\t\t\t<span class=\"elementor-divider-separator\">\n\t\t\t\t\t\t<\/span>\n\t\t<\/div>\n\t\t\t\t\t\t<\/div>\n\t\t\t\t\t<\/div>\n\t\t\t\t<\/div>\n\t\t<div class=\"elementor-element elementor-element-9b3170c e-grid e-con-boxed e-con e-parent\" data-id=\"9b3170c\" data-element_type=\"container\" data-e-type=\"container\">\n\t\t\t\t\t<div class=\"e-con-inner\">\n\t\t\t\t<div class=\"elementor-element elementor-element-5ba8531 elementor-widget elementor-widget-text-editor\" data-id=\"5ba8531\" data-element_type=\"widget\" data-e-type=\"widget\" data-widget_type=\"text-editor.default\">\n\t\t\t\t\t\t\t\t\t<p><a href=\"https:\/\/reflexomagnetique.com\/index.php\/privacy-policy\/\">Politique de confidentialit\u00e9<\/a><\/p>\t\t\t\t\t\t\t\t<\/div>\n\t\t\t\t<div class=\"elementor-element elementor-element-9b518ef elementor-widget elementor-widget-text-editor\" data-id=\"9b518ef\" data-element_type=\"widget\" data-e-type=\"widget\" data-widget_type=\"text-editor.default\">\n\t\t\t\t\t\t\t\t\t<p><a href=\"https:\/\/reflexomagnetique.com\/index.php\/privacy-policy\/\">Mentions l\u00e9gales<\/a><\/p>\t\t\t\t\t\t\t\t<\/div>\n\t\t\t\t<div class=\"elementor-element elementor-element-2d32f84 elementor-widget elementor-widget-text-editor\" data-id=\"2d32f84\" data-element_type=\"widget\" data-e-type=\"widget\" data-widget_type=\"text-editor.default\">\n\t\t\t\t\t\t\t\t\t<p>Site r\u00e9alis\u00e9 par R\u00e9flexo&rsquo;magn\u00e9tique<\/p>\t\t\t\t\t\t\t\t<\/div>\n\t\t\t\t\t<\/div>\n\t\t\t\t<\/div>\n\t\t\t\t<\/div>\n\t\t","protected":false},"excerpt":{"rendered":"<p>Praticienne certifi\u00e9e en r\u00e9flexologie, j&rsquo;accompagne les adultes, enfants et adolescents. Je pratique la r\u00e9flexologie de la t\u00eate aux pieds, c&rsquo;est \u00e0 dire la r\u00e9flexologie du [&#8230;]<\/p>\n","protected":false},"author":1,"featured_media":61,"parent":0,"menu_order":6,"comment_status":"closed","ping_status":"closed","template":"elementor_header_footer","meta":{"footnotes":""},"class_list":["post-55","page","type-page","status-publish","has-post-thumbnail","hentry"],"_links":{"self":[{"href":"https:\/\/reflexomagnetique.com\/index.php\/wp-json\/wp\/v2\/pages\/55","targetHints":{"allow":["GET"]}}],"collection":[{"href":"https:\/\/reflexomagnetique.com\/index.php\/wp-json\/wp\/v2\/pages"}],"about":[{"href":"https:\/\/reflexomagnetique.com\/index.php\/wp-json\/wp\/v2\/types\/page"}],"author":[{"embeddable":true,"href":"https:\/\/reflexomagnetique.com\/index.php\/wp-json\/wp\/v2\/users\/1"}],"replies":[{"embeddable":true,"href":"https:\/\/reflexomagnetique.com\/index.php\/wp-json\/wp\/v2\/comments?post=55"}],"version-history":[{"count":47,"href":"https:\/\/reflexomagnetique.com\/index.php\/wp-json\/wp\/v2\/pages\/55\/revisions"}],"predecessor-version":[{"id":693,"href":"https:\/\/reflexomagnetique.com\/index.php\/wp-json\/wp\/v2\/pages\/55\/revisions\/693"}],"wp:featuredmedia":[{"embeddable":true,"href":"https:\/\/reflexomagnetique.com\/index.php\/wp-json\/wp\/v2\/media\/61"}],"wp:attachment":[{"href":"https:\/\/reflexomagnetique.com\/index.php\/wp-json\/wp\/v2\/media?parent=55"}],"curies":[{"name":"wp","href":"https:\/\/api.w.org\/{rel}","templated":true}]}}