{"id":49,"date":"2025-10-14T07:40:24","date_gmt":"2025-10-14T07:40:24","guid":{"rendered":"http:\/\/reflexo.cluster100.hosting.ovh.net\/index.php\/our-story\/"},"modified":"2026-04-02T12:56:36","modified_gmt":"2026-04-02T12:56:36","slug":"prendre-rdv","status":"publish","type":"page","link":"https:\/\/reflexomagnetique.com\/index.php\/prendre-rdv\/","title":{"rendered":"Prendre RDV"},"content":{"rendered":"\t\t<div data-elementor-type=\"wp-page\" data-elementor-id=\"49\" class=\"elementor elementor-49\">\n\t\t\t\t<div class=\"elementor-element elementor-element-4efae12 e-flex e-con-boxed e-con e-parent\" data-id=\"4efae12\" data-element_type=\"container\" data-e-type=\"container\">\n\t\t\t\t\t<div class=\"e-con-inner\">\n\t\t\t\t<div class=\"elementor-element elementor-element-66e801d elementor-widget elementor-widget-text-editor\" data-id=\"66e801d\" data-element_type=\"widget\" data-e-type=\"widget\" data-widget_type=\"text-editor.default\">\n\t\t\t\t\t\t\t\t\t<h2><strong>R\u00e9flexologie plantaire &#8211; palmaire &#8211; visage &#8211; dos &#8211; p\u00e9rinatale<\/strong><\/h2><p><strong>Consultations vitalit\u00e9 &amp; s\u00e9ances de relaxation<\/strong><\/p>\t\t\t\t\t\t\t\t<\/div>\n\t\t\t\t\t<\/div>\n\t\t\t\t<\/div>\n\t\t<div class=\"elementor-element elementor-element-7b2fde3 e-flex e-con-boxed e-con e-parent\" data-id=\"7b2fde3\" data-element_type=\"container\" data-e-type=\"container\">\n\t\t\t\t\t<div class=\"e-con-inner\">\n\t\t\t\t<div class=\"elementor-element elementor-element-5123365 elementor-align-center elementor-widget elementor-widget-button\" data-id=\"5123365\" data-element_type=\"widget\" data-e-type=\"widget\" data-widget_type=\"button.default\">\n\t\t\t\t\t\t\t\t\t\t<a class=\"elementor-button elementor-button-link elementor-size-sm\" href=\"https:\/\/www.sumupbookings.com\/cynthialagadecreflexo\">\n\t\t\t\t\t\t<span class=\"elementor-button-content-wrapper\">\n\t\t\t\t\t\t<span class=\"elementor-button-icon\">\n\t\t\t\t<svg aria-hidden=\"true\" class=\"e-font-icon-svg e-far-calendar-alt\" viewBox=\"0 0 448 512\" xmlns=\"http:\/\/www.w3.org\/2000\/svg\"><path d=\"M148 288h-40c-6.6 0-12-5.4-12-12v-40c0-6.6 5.4-12 12-12h40c6.6 0 12 5.4 12 12v40c0 6.6-5.4 12-12 12zm108-12v-40c0-6.6-5.4-12-12-12h-40c-6.6 0-12 5.4-12 12v40c0 6.6 5.4 12 12 12h40c6.6 0 12-5.4 12-12zm96 0v-40c0-6.6-5.4-12-12-12h-40c-6.6 0-12 5.4-12 12v40c0 6.6 5.4 12 12 12h40c6.6 0 12-5.4 12-12zm-96 96v-40c0-6.6-5.4-12-12-12h-40c-6.6 0-12 5.4-12 12v40c0 6.6 5.4 12 12 12h40c6.6 0 12-5.4 12-12zm-96 0v-40c0-6.6-5.4-12-12-12h-40c-6.6 0-12 5.4-12 12v40c0 6.6 5.4 12 12 12h40c6.6 0 12-5.4 12-12zm192 0v-40c0-6.6-5.4-12-12-12h-40c-6.6 0-12 5.4-12 12v40c0 6.6 5.4 12 12 12h40c6.6 0 12-5.4 12-12zm96-260v352c0 26.5-21.5 48-48 48H48c-26.5 0-48-21.5-48-48V112c0-26.5 21.5-48 48-48h48V12c0-6.6 5.4-12 12-12h40c6.6 0 12 5.4 12 12v52h128V12c0-6.6 5.4-12 12-12h40c6.6 0 12 5.4 12 12v52h48c26.5 0 48 21.5 48 48zm-48 346V160H48v298c0 3.3 2.7 6 6 6h340c3.3 0 6-2.7 6-6z\"><\/path><\/svg>\t\t\t<\/span>\n\t\t\t\t\t\t\t\t\t<span class=\"elementor-button-text\">PRENDRE RDV<\/span>\n\t\t\t\t\t<\/span>\n\t\t\t\t\t<\/a>\n\t\t\t\t\t\t\t\t<\/div>\n\t\t\t\t\t<\/div>\n\t\t\t\t<\/div>\n\t\t<div class=\"elementor-element elementor-element-d7a26a6 e-flex e-con-boxed e-con e-parent\" data-id=\"d7a26a6\" data-element_type=\"container\" data-e-type=\"container\">\n\t\t\t\t\t<div class=\"e-con-inner\">\n\t\t\t\t<div class=\"elementor-element elementor-element-d0c07d2 elementor-widget-divider--view-line elementor-widget elementor-widget-divider\" data-id=\"d0c07d2\" data-element_type=\"widget\" data-e-type=\"widget\" data-widget_type=\"divider.default\">\n\t\t\t\t\t\t\t<div class=\"elementor-divider\">\n\t\t\t<span class=\"elementor-divider-separator\">\n\t\t\t\t\t\t<\/span>\n\t\t<\/div>\n\t\t\t\t\t\t<\/div>\n\t\t\t\t\t<\/div>\n\t\t\t\t<\/div>\n\t\t<div class=\"elementor-element elementor-element-ce044be e-flex e-con-boxed e-con e-parent\" data-id=\"ce044be\" data-element_type=\"container\" data-e-type=\"container\">\n\t\t\t\t\t<div class=\"e-con-inner\">\n\t\t<div class=\"elementor-element elementor-element-44e74ba e-con-full e-flex e-con e-child\" data-id=\"44e74ba\" data-element_type=\"container\" data-e-type=\"container\">\n\t\t\t\t<div class=\"elementor-element elementor-element-7c46b83 elementor-widget elementor-widget-text-editor\" data-id=\"7c46b83\" data-element_type=\"widget\" data-e-type=\"widget\" data-widget_type=\"text-editor.default\">\n\t\t\t\t\t\t\t\t\t<h2>cabinet \u00e0 Kersaint-Plabennec<\/h2><h5>RDV au 06 82 00 35 16 ou via l&rsquo;agenda en ligne<\/h5><p><strong><span style=\"text-decoration: underline;\">Horaires d&rsquo;ouverture<\/span><\/strong><\/p><p>Lundi : 13h30 \u00e0 19h<\/p><p>Mardi au vendredi\u00a0 : 9h-12h00 et 13h30-19h<\/p><p>Samedi : 14h00 \u00e0 18h<\/p>\t\t\t\t\t\t\t\t<\/div>\n\t\t\t\t<\/div>\n\t\t<div class=\"elementor-element elementor-element-47a48f9 e-con-full e-flex e-con e-child\" data-id=\"47a48f9\" data-element_type=\"container\" data-e-type=\"container\">\n\t\t\t\t<div class=\"elementor-element elementor-element-4fa097d elementor-widget elementor-widget-google_maps\" data-id=\"4fa097d\" data-element_type=\"widget\" data-e-type=\"widget\" data-widget_type=\"google_maps.default\">\n\t\t\t\t\t\t\t<div class=\"elementor-custom-embed\">\n\t\t\t<iframe loading=\"lazy\"\n\t\t\t\t\tsrc=\"https:\/\/maps.google.com\/maps?q=6%20route%20de%20plabennec%2029860%20Kersaint-plabennec&#038;t=m&#038;z=10&#038;output=embed&#038;iwloc=near\"\n\t\t\t\t\ttitle=\"6 route de plabennec 29860 Kersaint-plabennec\"\n\t\t\t\t\taria-label=\"6 route de plabennec 29860 Kersaint-plabennec\"\n\t\t\t><\/iframe>\n\t\t<\/div>\n\t\t\t\t\t\t<\/div>\n\t\t\t\t<\/div>\n\t\t\t\t\t<\/div>\n\t\t\t\t<\/div>\n\t\t<div class=\"elementor-element elementor-element-448efdc e-flex e-con-boxed e-con e-parent\" data-id=\"448efdc\" data-element_type=\"container\" data-e-type=\"container\">\n\t\t\t\t\t<div class=\"e-con-inner\">\n\t\t\t\t<div class=\"elementor-element elementor-element-7b2f180 elementor-widget-divider--view-line elementor-widget elementor-widget-divider\" data-id=\"7b2f180\" data-element_type=\"widget\" data-e-type=\"widget\" data-widget_type=\"divider.default\">\n\t\t\t\t\t\t\t<div class=\"elementor-divider\">\n\t\t\t<span class=\"elementor-divider-separator\">\n\t\t\t\t\t\t<\/span>\n\t\t<\/div>\n\t\t\t\t\t\t<\/div>\n\t\t\t\t\t<\/div>\n\t\t\t\t<\/div>\n\t\t<div class=\"elementor-element elementor-element-55ee3b3 e-flex e-con-boxed e-con e-parent\" data-id=\"55ee3b3\" data-element_type=\"container\" data-e-type=\"container\" data-settings=\"{&quot;background_background&quot;:&quot;classic&quot;}\">\n\t\t\t\t\t<div class=\"e-con-inner\">\n\t\t<div class=\"elementor-element elementor-element-eebdd88 e-con-full e-flex e-con e-child\" data-id=\"eebdd88\" data-element_type=\"container\" data-e-type=\"container\">\n\t\t\t\t<div class=\"elementor-element elementor-element-56688b1 elementor-widget elementor-widget-text-editor\" data-id=\"56688b1\" data-element_type=\"widget\" data-e-type=\"widget\" data-widget_type=\"text-editor.default\">\n\t\t\t\t\t\t\t\t\t<h2>Le cabinet \u00e0 Kersaint-Plabennec<\/h2><p>Le cabinet R\u00e9flexo&rsquo;magn\u00e9tique est facilement accessible depuis la voie express toute proche , et \u00e0 5 minutes de Landerneau, Plabennec, et \u00e0 peine \u00e0 10 minutes de Brest.<\/p><p>Mon cabinet est au coeur du P\u00f4le Sant\u00e9 et Bien-\u00eatre, au centre-bourg, face au caf\u00e9 le Comptoir des Frangines.<\/p><p>Je vous y recevrai dans un ambiance douce et chaleureuse, propice \u00e0 votre l\u00e2cher-prise.\u00a0<\/p><h5>Adresse : 6 route de Plabennec 29860 Kersaint-Plabennec<\/h5><h5>RDV au 06 82 00 35 16 ou via l&rsquo;agenda en ligne<\/h5>\t\t\t\t\t\t\t\t<\/div>\n\t\t\t\t<\/div>\n\t\t<div class=\"elementor-element elementor-element-ec9840a e-con-full e-flex e-con e-child\" data-id=\"ec9840a\" data-element_type=\"container\" data-e-type=\"container\">\n\t\t\t\t<div class=\"elementor-element elementor-element-62dfe80 elementor-widget elementor-widget-image\" data-id=\"62dfe80\" data-element_type=\"widget\" data-e-type=\"widget\" data-widget_type=\"image.default\">\n\t\t\t\t\t\t\t\t\t\t\t\t\t\t\t<img fetchpriority=\"high\" decoding=\"async\" width=\"768\" height=\"1365\" src=\"https:\/\/reflexomagnetique.com\/wp-content\/uploads\/2025\/10\/1000013540-768x1365.webp\" class=\"attachment-medium_large size-medium_large wp-image-276\" alt=\"\" srcset=\"https:\/\/reflexomagnetique.com\/wp-content\/uploads\/2025\/10\/1000013540-768x1365.webp 768w, https:\/\/reflexomagnetique.com\/wp-content\/uploads\/2025\/10\/1000013540-169x300.webp 169w, https:\/\/reflexomagnetique.com\/wp-content\/uploads\/2025\/10\/1000013540-576x1024.webp 576w, https:\/\/reflexomagnetique.com\/wp-content\/uploads\/2025\/10\/1000013540-864x1536.webp 864w, https:\/\/reflexomagnetique.com\/wp-content\/uploads\/2025\/10\/1000013540-scaled.webp 1080w\" sizes=\"(max-width: 768px) 100vw, 768px\" \/>\t\t\t\t\t\t\t\t\t\t\t\t\t\t\t<\/div>\n\t\t\t\t<\/div>\n\t\t<div class=\"elementor-element elementor-element-04753c0 e-con-full e-flex e-con e-child\" data-id=\"04753c0\" data-element_type=\"container\" data-e-type=\"container\">\n\t\t\t\t<div class=\"elementor-element elementor-element-7b4f947 elementor-widget elementor-widget-image\" data-id=\"7b4f947\" data-element_type=\"widget\" data-e-type=\"widget\" data-widget_type=\"image.default\">\n\t\t\t\t\t\t\t\t\t\t\t\t\t\t\t<img decoding=\"async\" width=\"707\" height=\"793\" src=\"https:\/\/reflexomagnetique.com\/wp-content\/uploads\/2025\/10\/acces-pmr.webp\" class=\"attachment-large size-large wp-image-277\" alt=\"\" srcset=\"https:\/\/reflexomagnetique.com\/wp-content\/uploads\/2025\/10\/acces-pmr.webp 707w, https:\/\/reflexomagnetique.com\/wp-content\/uploads\/2025\/10\/acces-pmr-267x300.webp 267w\" sizes=\"(max-width: 707px) 100vw, 707px\" \/>\t\t\t\t\t\t\t\t\t\t\t\t\t\t\t<\/div>\n\t\t\t\t<\/div>\n\t\t<div class=\"elementor-element elementor-element-110ac1f e-con-full e-flex e-con e-child\" data-id=\"110ac1f\" data-element_type=\"container\" data-e-type=\"container\">\n\t\t\t\t<div class=\"elementor-element elementor-element-b8cac25 elementor-widget elementor-widget-image\" data-id=\"b8cac25\" data-element_type=\"widget\" data-e-type=\"widget\" data-widget_type=\"image.default\">\n\t\t\t\t\t\t\t\t\t\t\t\t\t\t\t<img decoding=\"async\" width=\"768\" height=\"432\" src=\"https:\/\/reflexomagnetique.com\/wp-content\/uploads\/2025\/10\/SALON-DE-MASSAGE-768x432.webp\" class=\"attachment-medium_large size-medium_large wp-image-278\" alt=\"\" srcset=\"https:\/\/reflexomagnetique.com\/wp-content\/uploads\/2025\/10\/SALON-DE-MASSAGE-768x432.webp 768w, https:\/\/reflexomagnetique.com\/wp-content\/uploads\/2025\/10\/SALON-DE-MASSAGE-300x169.webp 300w, https:\/\/reflexomagnetique.com\/wp-content\/uploads\/2025\/10\/SALON-DE-MASSAGE-1024x576.webp 1024w, https:\/\/reflexomagnetique.com\/wp-content\/uploads\/2025\/10\/SALON-DE-MASSAGE-1536x864.webp 1536w, https:\/\/reflexomagnetique.com\/wp-content\/uploads\/2025\/10\/SALON-DE-MASSAGE-scaled.webp 1920w, https:\/\/reflexomagnetique.com\/wp-content\/uploads\/2025\/10\/SALON-DE-MASSAGE-1800x1013.webp 1800w, https:\/\/reflexomagnetique.com\/wp-content\/uploads\/2025\/10\/SALON-DE-MASSAGE-1840x1035.webp 1840w\" sizes=\"(max-width: 768px) 100vw, 768px\" \/>\t\t\t\t\t\t\t\t\t\t\t\t\t\t\t<\/div>\n\t\t\t\t<\/div>\n\t\t\t\t\t<\/div>\n\t\t\t\t<\/div>\n\t\t<div class=\"elementor-element elementor-element-b494e6d e-flex e-con-boxed e-con e-parent\" data-id=\"b494e6d\" data-element_type=\"container\" data-e-type=\"container\">\n\t\t\t\t\t<div class=\"e-con-inner\">\n\t\t\t\t<div class=\"elementor-element elementor-element-9bc8833 elementor-widget-divider--view-line elementor-widget elementor-widget-divider\" data-id=\"9bc8833\" data-element_type=\"widget\" data-e-type=\"widget\" data-widget_type=\"divider.default\">\n\t\t\t\t\t\t\t<div class=\"elementor-divider\">\n\t\t\t<span class=\"elementor-divider-separator\">\n\t\t\t\t\t\t<\/span>\n\t\t<\/div>\n\t\t\t\t\t\t<\/div>\n\t\t\t\t\t<\/div>\n\t\t\t\t<\/div>\n\t\t<div class=\"elementor-element elementor-element-6db6ecf e-flex e-con-boxed e-con e-parent\" data-id=\"6db6ecf\" data-element_type=\"container\" data-e-type=\"container\">\n\t\t\t\t\t<div class=\"e-con-inner\">\n\t\t\t\t<div class=\"elementor-element elementor-element-5793c85 elementor-widget elementor-widget-text-editor\" data-id=\"5793c85\" data-element_type=\"widget\" data-e-type=\"widget\" data-widget_type=\"text-editor.default\">\n\t\t\t\t\t\t\t\t\t<p>Pour toute\u00a0<strong>annulation, un d\u00e9lai de 48h minimum<\/strong>\u00a0<strong>est requis.\u00a0<\/strong>Merci de me contacter. Ainsi, cela lib\u00e9rera ce temps pour une autre personne.\u00a0<br \/>Merci de votre compr\u00e9hension.<\/p>\t\t\t\t\t\t\t\t<\/div>\n\t\t\t\t\t<\/div>\n\t\t\t\t<\/div>\n\t\t<div class=\"elementor-element elementor-element-76c2568 e-flex e-con-boxed e-con e-parent\" data-id=\"76c2568\" data-element_type=\"container\" data-e-type=\"container\">\n\t\t\t\t\t<div class=\"e-con-inner\">\n\t\t\t\t<div class=\"elementor-element elementor-element-6aaa3bf elementor-widget-divider--view-line elementor-widget elementor-widget-divider\" data-id=\"6aaa3bf\" data-element_type=\"widget\" data-e-type=\"widget\" data-widget_type=\"divider.default\">\n\t\t\t\t\t\t\t<div class=\"elementor-divider\">\n\t\t\t<span class=\"elementor-divider-separator\">\n\t\t\t\t\t\t<\/span>\n\t\t<\/div>\n\t\t\t\t\t\t<\/div>\n\t\t\t\t\t<\/div>\n\t\t\t\t<\/div>\n\t\t<div class=\"elementor-element elementor-element-411a638 e-flex e-con-boxed e-con e-parent\" data-id=\"411a638\" data-element_type=\"container\" data-e-type=\"container\" data-settings=\"{&quot;background_background&quot;:&quot;classic&quot;}\">\n\t\t\t\t\t<div class=\"e-con-inner\">\n\t\t\t\t<div class=\"elementor-element elementor-element-73783d7 elementor-widget elementor-widget-heading\" data-id=\"73783d7\" data-element_type=\"widget\" data-e-type=\"widget\" data-widget_type=\"heading.default\">\n\t\t\t\t\t<h2 class=\"elementor-heading-title elementor-size-default\">Vos t\u00e9moignages<\/h2>\t\t\t\t<\/div>\n\t\t\t\t\t<\/div>\n\t\t\t\t<\/div>\n\t\t<div class=\"elementor-element elementor-element-a2c08aa e-grid e-con-boxed e-con e-parent\" data-id=\"a2c08aa\" data-element_type=\"container\" data-e-type=\"container\" data-settings=\"{&quot;background_background&quot;:&quot;classic&quot;}\">\n\t\t\t\t\t<div class=\"e-con-inner\">\n\t\t\t\t<div class=\"elementor-element elementor-element-92008b7 elementor-widget elementor-widget-text-editor\" data-id=\"92008b7\" data-element_type=\"widget\" data-e-type=\"widget\" data-widget_type=\"text-editor.default\">\n\t\t\t\t\t\t\t\t\t<p><strong>Consultation globale R\u00e9flexo&rsquo;magn\u00e9tique et bilan<\/strong> : Stress + trouble digestifs<br \/>\u00ab\u00a0Cette premi\u00e8re s\u00e9ance a agit tout de suite sur mes troubles digestifs, et je me sentais moins stress\u00e9e, j&rsquo;en ai senti les effets pendant 3 semaines.<\/p><p><strong>Madeleine 13\/09\/2025<\/strong><\/p>\t\t\t\t\t\t\t\t<\/div>\n\t\t\t\t<div class=\"elementor-element elementor-element-862b98b elementor-widget elementor-widget-text-editor\" data-id=\"862b98b\" data-element_type=\"widget\" data-e-type=\"widget\" data-widget_type=\"text-editor.default\">\n\t\t\t\t\t\t\t\t\t<p><strong>S\u00e9ance \u00e0 l&rsquo;\u00e9coute de soi, dos &amp; r\u00e9flexologie plantaire<\/strong><\/p><p>\u00ab\u00a0Ces massages ont \u00e9t\u00e9 doux et n\u00e9anmoins, l&rsquo;effet a \u00e9t\u00e9 vraiment puissant\u00a0\u00bb<\/p><p><strong><em>H\u00e9l\u00e8ne 02\/07\/2025<\/em><\/strong><\/p>\t\t\t\t\t\t\t\t<\/div>\n\t\t\t\t<div class=\"elementor-element elementor-element-c05d78f elementor-widget elementor-widget-text-editor\" data-id=\"c05d78f\" data-element_type=\"widget\" data-e-type=\"widget\" data-widget_type=\"text-editor.default\">\n\t\t\t\t\t\t\t\t\t<p><strong>Consultation globale R\u00e9flexo&rsquo;magn\u00e9tique<\/strong><\/p><p>\u00ab\u00a0Je me sentais vraiment fatigu\u00e9e avec le rythme du quotidien. J&rsquo;avais du mal \u00e0 dormir. <br \/>Cette s\u00e9ance m&rsquo;a tout de suite fait du bien, et j&rsquo;ai bien dormi le soir m\u00eame.\u00a0\u00bb<\/p><p><em><strong>Manon 04\/10\/2025<\/strong><\/em><\/p>\t\t\t\t\t\t\t\t<\/div>\n\t\t\t\t\t<\/div>\n\t\t\t\t<\/div>\n\t\t<div class=\"elementor-element elementor-element-439d7c3 e-flex e-con-boxed e-con e-parent\" data-id=\"439d7c3\" data-element_type=\"container\" data-e-type=\"container\">\n\t\t\t\t\t<div class=\"e-con-inner\">\n\t\t\t\t<div class=\"elementor-element elementor-element-105954a elementor-widget-divider--view-line elementor-widget elementor-widget-divider\" data-id=\"105954a\" data-element_type=\"widget\" data-e-type=\"widget\" data-widget_type=\"divider.default\">\n\t\t\t\t\t\t\t<div class=\"elementor-divider\">\n\t\t\t<span class=\"elementor-divider-separator\">\n\t\t\t\t\t\t<\/span>\n\t\t<\/div>\n\t\t\t\t\t\t<\/div>\n\t\t\t\t\t<\/div>\n\t\t\t\t<\/div>\n\t\t<div class=\"elementor-element elementor-element-b286ec6 e-flex e-con-boxed e-con e-parent\" data-id=\"b286ec6\" data-element_type=\"container\" data-e-type=\"container\">\n\t\t\t\t\t<div class=\"e-con-inner\">\n\t\t\t\t<div class=\"elementor-element elementor-element-946fe8d elementor-widget elementor-widget-image\" data-id=\"946fe8d\" data-element_type=\"widget\" data-e-type=\"widget\" data-widget_type=\"image.default\">\n\t\t\t\t\t\t\t\t\t\t\t\t\t\t\t<img loading=\"lazy\" decoding=\"async\" width=\"768\" height=\"432\" src=\"https:\/\/reflexomagnetique.com\/wp-content\/uploads\/2025\/10\/carte-cadeau-2025-768x432.jpg\" class=\"attachment-medium_large size-medium_large wp-image-788\" alt=\"\" srcset=\"https:\/\/reflexomagnetique.com\/wp-content\/uploads\/2025\/10\/carte-cadeau-2025-768x432.jpg 768w, https:\/\/reflexomagnetique.com\/wp-content\/uploads\/2025\/10\/carte-cadeau-2025-300x169.jpg 300w, https:\/\/reflexomagnetique.com\/wp-content\/uploads\/2025\/10\/carte-cadeau-2025-1024x576.jpg 1024w, https:\/\/reflexomagnetique.com\/wp-content\/uploads\/2025\/10\/carte-cadeau-2025-1536x864.jpg 1536w, https:\/\/reflexomagnetique.com\/wp-content\/uploads\/2025\/10\/carte-cadeau-2025-2048x1152.jpg 2048w, https:\/\/reflexomagnetique.com\/wp-content\/uploads\/2025\/10\/carte-cadeau-2025-1800x1013.jpg 1800w, https:\/\/reflexomagnetique.com\/wp-content\/uploads\/2025\/10\/carte-cadeau-2025-1840x1035.jpg 1840w\" sizes=\"(max-width: 768px) 100vw, 768px\" \/>\t\t\t\t\t\t\t\t\t\t\t\t\t\t\t<\/div>\n\t\t\t\t\t<\/div>\n\t\t\t\t<\/div>\n\t\t<div class=\"elementor-element elementor-element-6f89b33 e-flex e-con-boxed e-con e-parent\" data-id=\"6f89b33\" data-element_type=\"container\" data-e-type=\"container\">\n\t\t\t\t\t<div class=\"e-con-inner\">\n\t\t\t\t<div class=\"elementor-element elementor-element-e1abf6c elementor-widget-divider--view-line elementor-widget elementor-widget-divider\" data-id=\"e1abf6c\" data-element_type=\"widget\" data-e-type=\"widget\" data-widget_type=\"divider.default\">\n\t\t\t\t\t\t\t<div class=\"elementor-divider\">\n\t\t\t<span class=\"elementor-divider-separator\">\n\t\t\t\t\t\t<\/span>\n\t\t<\/div>\n\t\t\t\t\t\t<\/div>\n\t\t\t\t\t<\/div>\n\t\t\t\t<\/div>\n\t\t<div class=\"elementor-element elementor-element-f5dad1b e-flex e-con-boxed e-con e-parent\" data-id=\"f5dad1b\" data-element_type=\"container\" data-e-type=\"container\">\n\t\t\t\t\t<div class=\"e-con-inner\">\n\t\t<div class=\"elementor-element elementor-element-672799a e-con-full e-flex e-con e-child\" data-id=\"672799a\" data-element_type=\"container\" data-e-type=\"container\">\n\t\t\t\t<div class=\"elementor-element elementor-element-3374757 elementor-widget elementor-widget-text-editor\" data-id=\"3374757\" data-element_type=\"widget\" data-e-type=\"widget\" data-widget_type=\"text-editor.default\">\n\t\t\t\t\t\t\t\t\t<p>Cynthia Lagadec<\/p><p>Cabinet R\u00e9flexo&rsquo;magn\u00e9tique<\/p>\t\t\t\t\t\t\t\t<\/div>\n\t\t\t\t<\/div>\n\t\t<div class=\"elementor-element elementor-element-5b8d619 e-con-full e-flex e-con e-child\" data-id=\"5b8d619\" data-element_type=\"container\" data-e-type=\"container\">\n\t\t\t\t<div class=\"elementor-element elementor-element-b830f7f elementor-widget elementor-widget-text-editor\" data-id=\"b830f7f\" data-element_type=\"widget\" data-e-type=\"widget\" data-widget_type=\"text-editor.default\">\n\t\t\t\t\t\t\t\t\t<p>R\u00e9flexologue et magn\u00e9tiseuse<\/p><p>P\u00f4le Sant\u00e9 et Bien-\u00eatre. 6 route de Plabennec 29860 Kersaint Plabennec<\/p><p>Sur RDV au 06 82 00 35 16 ou via l&rsquo;agenda en ligne<\/p>\t\t\t\t\t\t\t\t<\/div>\n\t\t\t\t<\/div>\n\t\t\t\t\t<\/div>\n\t\t\t\t<\/div>\n\t\t<div class=\"elementor-element elementor-element-29aae9a e-flex e-con-boxed e-con e-parent\" data-id=\"29aae9a\" data-element_type=\"container\" data-e-type=\"container\">\n\t\t\t\t\t<div class=\"e-con-inner\">\n\t\t\t\t<div class=\"elementor-element elementor-element-8c99841 elementor-widget-divider--view-line elementor-widget elementor-widget-divider\" data-id=\"8c99841\" data-element_type=\"widget\" data-e-type=\"widget\" data-widget_type=\"divider.default\">\n\t\t\t\t\t\t\t<div class=\"elementor-divider\">\n\t\t\t<span class=\"elementor-divider-separator\">\n\t\t\t\t\t\t<\/span>\n\t\t<\/div>\n\t\t\t\t\t\t<\/div>\n\t\t\t\t\t<\/div>\n\t\t\t\t<\/div>\n\t\t<div class=\"elementor-element elementor-element-0ad026c e-grid e-con-boxed e-con e-parent\" data-id=\"0ad026c\" data-element_type=\"container\" data-e-type=\"container\">\n\t\t\t\t\t<div class=\"e-con-inner\">\n\t\t\t\t<div class=\"elementor-element elementor-element-0418f71 elementor-widget elementor-widget-text-editor\" data-id=\"0418f71\" data-element_type=\"widget\" data-e-type=\"widget\" data-widget_type=\"text-editor.default\">\n\t\t\t\t\t\t\t\t\t<p><a href=\"https:\/\/reflexomagnetique.com\/index.php\/privacy-policy\/\">Politique de confidentialit\u00e9<\/a><\/p>\t\t\t\t\t\t\t\t<\/div>\n\t\t\t\t<div class=\"elementor-element elementor-element-e3121d4 elementor-widget elementor-widget-text-editor\" data-id=\"e3121d4\" data-element_type=\"widget\" data-e-type=\"widget\" data-widget_type=\"text-editor.default\">\n\t\t\t\t\t\t\t\t\t<p><a href=\"https:\/\/reflexomagnetique.com\/index.php\/privacy-policy\/\">Mentions l\u00e9gales<\/a><\/p>\t\t\t\t\t\t\t\t<\/div>\n\t\t\t\t<div class=\"elementor-element elementor-element-ced19b5 elementor-widget elementor-widget-text-editor\" data-id=\"ced19b5\" data-element_type=\"widget\" data-e-type=\"widget\" data-widget_type=\"text-editor.default\">\n\t\t\t\t\t\t\t\t\t<p>Site r\u00e9alis\u00e9 par R\u00e9flexo&rsquo;magn\u00e9tique<\/p>\t\t\t\t\t\t\t\t<\/div>\n\t\t\t\t\t<\/div>\n\t\t\t\t<\/div>\n\t\t\t\t<\/div>\n\t\t","protected":false},"excerpt":{"rendered":"<p>R\u00e9flexologie plantaire &#8211; palmaire &#8211; visage &#8211; dos &#8211; p\u00e9rinatale Consultations vitalit\u00e9 &amp; s\u00e9ances de relaxation PRENDRE RDV cabinet \u00e0 Kersaint-Plabennec RDV au 06 82 [&#8230;]<\/p>\n","protected":false},"author":1,"featured_media":54,"parent":0,"menu_order":3,"comment_status":"closed","ping_status":"closed","template":"elementor_header_footer","meta":{"footnotes":""},"class_list":["post-49","page","type-page","status-publish","has-post-thumbnail","hentry"],"_links":{"self":[{"href":"https:\/\/reflexomagnetique.com\/index.php\/wp-json\/wp\/v2\/pages\/49","targetHints":{"allow":["GET"]}}],"collection":[{"href":"https:\/\/reflexomagnetique.com\/index.php\/wp-json\/wp\/v2\/pages"}],"about":[{"href":"https:\/\/reflexomagnetique.com\/index.php\/wp-json\/wp\/v2\/types\/page"}],"author":[{"embeddable":true,"href":"https:\/\/reflexomagnetique.com\/index.php\/wp-json\/wp\/v2\/users\/1"}],"replies":[{"embeddable":true,"href":"https:\/\/reflexomagnetique.com\/index.php\/wp-json\/wp\/v2\/comments?post=49"}],"version-history":[{"count":60,"href":"https:\/\/reflexomagnetique.com\/index.php\/wp-json\/wp\/v2\/pages\/49\/revisions"}],"predecessor-version":[{"id":1532,"href":"https:\/\/reflexomagnetique.com\/index.php\/wp-json\/wp\/v2\/pages\/49\/revisions\/1532"}],"wp:featuredmedia":[{"embeddable":true,"href":"https:\/\/reflexomagnetique.com\/index.php\/wp-json\/wp\/v2\/media\/54"}],"wp:attachment":[{"href":"https:\/\/reflexomagnetique.com\/index.php\/wp-json\/wp\/v2\/media?parent=49"}],"curies":[{"name":"wp","href":"https:\/\/api.w.org\/{rel}","templated":true}]}}