{"id":38,"date":"2025-10-14T07:40:22","date_gmt":"2025-10-14T07:40:22","guid":{"rendered":"http:\/\/reflexo.cluster100.hosting.ovh.net\/index.php\/our-services\/"},"modified":"2025-11-12T11:23:11","modified_gmt":"2025-11-12T11:23:11","slug":"huiles-essentielles","status":"publish","type":"page","link":"https:\/\/reflexomagnetique.com\/index.php\/huiles-essentielles\/","title":{"rendered":"Les huiles essentielles"},"content":{"rendered":"\t\t<div data-elementor-type=\"wp-page\" data-elementor-id=\"38\" class=\"elementor elementor-38\">\n\t\t\t\t<div class=\"elementor-element elementor-element-5b037d4 e-flex e-con-boxed e-con e-parent\" data-id=\"5b037d4\" data-element_type=\"container\" data-e-type=\"container\" data-settings=\"{&quot;background_background&quot;:&quot;classic&quot;}\">\n\t\t\t\t\t<div class=\"e-con-inner\">\n\t\t<div class=\"elementor-element elementor-element-d3b6ffd e-con-full e-flex e-con e-child\" data-id=\"d3b6ffd\" data-element_type=\"container\" data-e-type=\"container\">\n\t\t\t\t<div class=\"elementor-element elementor-element-e8300e6 elementor-widget elementor-widget-text-editor\" data-id=\"e8300e6\" data-element_type=\"widget\" data-e-type=\"widget\" data-widget_type=\"text-editor.default\">\n\t\t\t\t\t\t\t\t\t<h2>Plongez dans la 3\u00e8me dimension sensorielle gr\u00e2ce \u00e0 la r\u00e9flexologie et les huiles essentielles<\/h2><p>1 &#8211; une exp\u00e9rience olfactive m\u00e9morable, gr\u00e2ce au choix de(s) essence(s) adapt\u00e9es \u00e0 vos besoins,<\/p><p>2 &#8211; un massage transcend\u00e9 par les propri\u00e9t\u00e9s de l&rsquo;huile ou des complexes d&rsquo;huiles essentielles<\/p><p>3 &#8211; un double message de bien-\u00eatre re\u00e7u simultan\u00e9ment par votre corps et votre mental, un message interne en acupression et un message externe par olfaction.<\/p>\t\t\t\t\t\t\t\t<\/div>\n\t\t\t\t<\/div>\n\t\t<div class=\"elementor-element elementor-element-a780ea5 e-con-full e-flex e-con e-child\" data-id=\"a780ea5\" data-element_type=\"container\" data-e-type=\"container\">\n\t\t\t\t<div class=\"elementor-element elementor-element-d690f6b elementor-widget elementor-widget-image\" data-id=\"d690f6b\" data-element_type=\"widget\" data-e-type=\"widget\" data-widget_type=\"image.default\">\n\t\t\t\t\t\t\t\t\t\t\t\t\t\t\t<img decoding=\"async\" width=\"300\" height=\"150\" src=\"https:\/\/reflexomagnetique.com\/wp-content\/uploads\/2025\/10\/wa-logo-female-300x150.webp\" class=\"attachment-medium size-medium wp-image-422\" alt=\"\" srcset=\"https:\/\/reflexomagnetique.com\/wp-content\/uploads\/2025\/10\/wa-logo-female-300x150.webp 300w, https:\/\/reflexomagnetique.com\/wp-content\/uploads\/2025\/10\/wa-logo-female.webp 600w\" sizes=\"(max-width: 300px) 100vw, 300px\" \/>\t\t\t\t\t\t\t\t\t\t\t\t\t\t\t<\/div>\n\t\t\t\t<div class=\"elementor-element elementor-element-cdcea7b elementor-widget elementor-widget-image\" data-id=\"cdcea7b\" data-element_type=\"widget\" data-e-type=\"widget\" data-widget_type=\"image.default\">\n\t\t\t\t\t\t\t\t\t\t\t\t\t\t\t<img fetchpriority=\"high\" decoding=\"async\" width=\"768\" height=\"477\" src=\"https:\/\/reflexomagnetique.com\/wp-content\/uploads\/2025\/10\/1760688152240-768x477.jpg\" class=\"attachment-medium_large size-medium_large wp-image-428\" alt=\"\" srcset=\"https:\/\/reflexomagnetique.com\/wp-content\/uploads\/2025\/10\/1760688152240-768x477.jpg 768w, https:\/\/reflexomagnetique.com\/wp-content\/uploads\/2025\/10\/1760688152240-300x186.webp 300w, https:\/\/reflexomagnetique.com\/wp-content\/uploads\/2025\/10\/1760688152240-1024x636.jpg 1024w, https:\/\/reflexomagnetique.com\/wp-content\/uploads\/2025\/10\/1760688152240-1536x953.jpg 1536w, https:\/\/reflexomagnetique.com\/wp-content\/uploads\/2025\/10\/1760688152240-2048x1271.jpg 2048w, https:\/\/reflexomagnetique.com\/wp-content\/uploads\/2025\/10\/1760688152240-1800x1117.jpg 1800w, https:\/\/reflexomagnetique.com\/wp-content\/uploads\/2025\/10\/1760688152240-scaled.webp 1920w\" sizes=\"(max-width: 768px) 100vw, 768px\" \/>\t\t\t\t\t\t\t\t\t\t\t\t\t\t\t<\/div>\n\t\t\t\t<\/div>\n\t\t<div class=\"elementor-element elementor-element-c090a96 e-con-full e-flex e-con e-child\" data-id=\"c090a96\" data-element_type=\"container\" data-e-type=\"container\">\n\t\t\t\t<div class=\"elementor-element elementor-element-ea027d0 elementor-widget elementor-widget-text-editor\" data-id=\"ea027d0\" data-element_type=\"widget\" data-e-type=\"widget\" data-widget_type=\"text-editor.default\">\n\t\t\t\t\t\t\t\t\t<p>Depuis 2025, je d\u00e9couvre les multiples applications des huiles essentielles doTERRA dans mes protocoles de consultations personnalis\u00e9es R\u00e9flexo&rsquo;magn\u00e9tique et \u00e9galement pour les s\u00e9ances R\u00e9flexo&rsquo;r\u00e9pit.<\/p><p><strong>Consultations R\u00e9flexo&rsquo;magn\u00e9tique :<\/strong> pour augmenter les bienfaits de la r\u00e9flexologie.<\/p><p><strong>S\u00e9ances R\u00e9flexo&rsquo;r\u00e9pit :<\/strong> augmenter l&rsquo;effet ultra-relaxant de votre s\u00e9ance.<\/p><p><strong>En plus, vous aurez l&rsquo;opportunit\u00e9 de me commander vos huiles essentielles pour prendre soin de vous et de toute la famille.<\/strong><\/p>\t\t\t\t\t\t\t\t<\/div>\n\t\t\t\t<\/div>\n\t\t\t\t\t<\/div>\n\t\t\t\t<\/div>\n\t\t<div class=\"elementor-element elementor-element-0d1621a e-flex e-con-boxed e-con e-parent\" data-id=\"0d1621a\" data-element_type=\"container\" data-e-type=\"container\">\n\t\t\t\t\t<div class=\"e-con-inner\">\n\t\t\t\t<div class=\"elementor-element elementor-element-1a265c9 elementor-widget-divider--view-line elementor-widget elementor-widget-divider\" data-id=\"1a265c9\" data-element_type=\"widget\" data-e-type=\"widget\" data-widget_type=\"divider.default\">\n\t\t\t\t\t\t\t<div class=\"elementor-divider\">\n\t\t\t<span class=\"elementor-divider-separator\">\n\t\t\t\t\t\t<\/span>\n\t\t<\/div>\n\t\t\t\t\t\t<\/div>\n\t\t\t\t\t<\/div>\n\t\t\t\t<\/div>\n\t\t<div class=\"elementor-element elementor-element-393ea1c e-flex e-con-boxed e-con e-parent\" data-id=\"393ea1c\" data-element_type=\"container\" data-e-type=\"container\">\n\t\t\t\t\t<div class=\"e-con-inner\">\n\t\t<div class=\"elementor-element elementor-element-14ce314 e-con-full e-flex e-con e-child\" data-id=\"14ce314\" data-element_type=\"container\" data-e-type=\"container\">\n\t\t\t\t<div class=\"elementor-element elementor-element-aea28db elementor-widget elementor-widget-text-editor\" data-id=\"aea28db\" data-element_type=\"widget\" data-e-type=\"widget\" data-widget_type=\"text-editor.default\">\n\t\t\t\t\t\t\t\t\t<p><strong>Exemple d&rsquo;huiles essentielles pour votre vitalit\u00e9 au quotidien<\/strong><\/p><p>Bergamote : apaisante pour la peau et met de bonne humeur<\/p><p>Sauge sclar\u00e9e : pour se pr\u00e9parer \u00e0 une nuit de sommeil reposante<\/p><p>Cypr\u00e8s : \u00e0 la fois stimulant et ressour\u00e7ant pour les \u00e9motions<\/p><p>Menthe poivr\u00e9e : en cas de rhume<\/p>\t\t\t\t\t\t\t\t<\/div>\n\t\t\t\t<\/div>\n\t\t<div class=\"elementor-element elementor-element-a9b7710 e-con-full e-flex e-con e-child\" data-id=\"a9b7710\" data-element_type=\"container\" data-e-type=\"container\">\n\t\t\t\t<div class=\"elementor-element elementor-element-065c11d elementor-widget elementor-widget-image\" data-id=\"065c11d\" data-element_type=\"widget\" data-e-type=\"widget\" data-widget_type=\"image.default\">\n\t\t\t\t\t\t\t\t\t\t\t\t\t\t\t<img decoding=\"async\" width=\"300\" height=\"251\" src=\"https:\/\/reflexomagnetique.com\/wp-content\/uploads\/2025\/10\/HE-pour-la-sante-300x251.webp\" class=\"attachment-medium size-medium wp-image-448\" alt=\"\" srcset=\"https:\/\/reflexomagnetique.com\/wp-content\/uploads\/2025\/10\/HE-pour-la-sante-300x251.webp 300w, https:\/\/reflexomagnetique.com\/wp-content\/uploads\/2025\/10\/HE-pour-la-sante-768x644.webp 768w, https:\/\/reflexomagnetique.com\/wp-content\/uploads\/2025\/10\/HE-pour-la-sante.webp 940w\" sizes=\"(max-width: 300px) 100vw, 300px\" \/>\t\t\t\t\t\t\t\t\t\t\t\t\t\t\t<\/div>\n\t\t\t\t<\/div>\n\t\t\t\t\t<\/div>\n\t\t\t\t<\/div>\n\t\t<div class=\"elementor-element elementor-element-dac702c e-flex e-con-boxed e-con e-parent\" data-id=\"dac702c\" data-element_type=\"container\" data-e-type=\"container\">\n\t\t\t\t\t<div class=\"e-con-inner\">\n\t\t\t\t<div class=\"elementor-element elementor-element-a28572c elementor-widget-divider--view-line elementor-widget elementor-widget-divider\" data-id=\"a28572c\" data-element_type=\"widget\" data-e-type=\"widget\" data-widget_type=\"divider.default\">\n\t\t\t\t\t\t\t<div class=\"elementor-divider\">\n\t\t\t<span class=\"elementor-divider-separator\">\n\t\t\t\t\t\t<\/span>\n\t\t<\/div>\n\t\t\t\t\t\t<\/div>\n\t\t\t\t\t<\/div>\n\t\t\t\t<\/div>\n\t\t<div class=\"elementor-element elementor-element-2a159a4 e-flex e-con-boxed e-con e-parent\" data-id=\"2a159a4\" data-element_type=\"container\" data-e-type=\"container\">\n\t\t\t\t\t<div class=\"e-con-inner\">\n\t\t<div class=\"elementor-element elementor-element-070f44b e-con-full e-flex e-con e-child\" data-id=\"070f44b\" data-element_type=\"container\" data-e-type=\"container\">\n\t\t\t\t<div class=\"elementor-element elementor-element-de3546e elementor-widget elementor-widget-image\" data-id=\"de3546e\" data-element_type=\"widget\" data-e-type=\"widget\" data-widget_type=\"image.default\">\n\t\t\t\t\t\t\t\t\t\t\t\t\t\t\t<img loading=\"lazy\" decoding=\"async\" width=\"300\" height=\"251\" src=\"https:\/\/reflexomagnetique.com\/wp-content\/uploads\/2025\/10\/lavande-300x251.webp\" class=\"attachment-medium size-medium wp-image-429\" alt=\"\" srcset=\"https:\/\/reflexomagnetique.com\/wp-content\/uploads\/2025\/10\/lavande-300x251.webp 300w, https:\/\/reflexomagnetique.com\/wp-content\/uploads\/2025\/10\/lavande-768x644.webp 768w, https:\/\/reflexomagnetique.com\/wp-content\/uploads\/2025\/10\/lavande.webp 940w\" sizes=\"(max-width: 300px) 100vw, 300px\" \/>\t\t\t\t\t\t\t\t\t\t\t\t\t\t\t<\/div>\n\t\t\t\t<\/div>\n\t\t<div class=\"elementor-element elementor-element-5d803ee e-con-full e-flex e-con e-child\" data-id=\"5d803ee\" data-element_type=\"container\" data-e-type=\"container\">\n\t\t\t\t<div class=\"elementor-element elementor-element-67b6cec elementor-widget elementor-widget-text-editor\" data-id=\"67b6cec\" data-element_type=\"widget\" data-e-type=\"widget\" data-widget_type=\"text-editor.default\">\n\t\t\t\t\t\t\t\t\t<p><strong>L&rsquo;\u00e9xigence de qualit\u00e9 par doTERRA<\/strong><\/p><p>Le proc\u00e9d\u00e9 CPTG\u2122 certifie que les huiles essentielles doTERRA ne contiennent aucun additif, ingr\u00e9dient<br \/>synth\u00e9tique ou contaminant nocif qui pourraient r\u00e9duire leur efficacit\u00e9. Les produits et emballages<br \/>doTERRA subissent une multitude de tests visant \u00e0 garantir une dur\u00e9e de conservation longue et<br \/>efficace. Ce protocole garantit l\u2019efficacit\u00e9, la puret\u00e9 et la conformit\u00e9 de chaque lot.<\/p><p>source : site doTERRA<\/p>\t\t\t\t\t\t\t\t<\/div>\n\t\t\t\t<\/div>\n\t\t\t\t\t<\/div>\n\t\t\t\t<\/div>\n\t\t<div class=\"elementor-element elementor-element-70d0a25 e-flex e-con-boxed e-con e-parent\" data-id=\"70d0a25\" data-element_type=\"container\" data-e-type=\"container\">\n\t\t\t\t\t<div class=\"e-con-inner\">\n\t\t\t\t<div class=\"elementor-element elementor-element-de9ced3 elementor-widget-divider--view-line elementor-widget elementor-widget-divider\" data-id=\"de9ced3\" data-element_type=\"widget\" data-e-type=\"widget\" data-widget_type=\"divider.default\">\n\t\t\t\t\t\t\t<div class=\"elementor-divider\">\n\t\t\t<span class=\"elementor-divider-separator\">\n\t\t\t\t\t\t<\/span>\n\t\t<\/div>\n\t\t\t\t\t\t<\/div>\n\t\t\t\t\t<\/div>\n\t\t\t\t<\/div>\n\t\t<div class=\"elementor-element elementor-element-65a6ed4 e-flex e-con-boxed e-con e-parent\" data-id=\"65a6ed4\" data-element_type=\"container\" data-e-type=\"container\">\n\t\t\t\t\t<div class=\"e-con-inner\">\n\t\t\t\t<div class=\"elementor-element elementor-element-ddd16c1 elementor-widget elementor-widget-text-editor\" data-id=\"ddd16c1\" data-element_type=\"widget\" data-e-type=\"widget\" data-widget_type=\"text-editor.default\">\n\t\t\t\t\t\t\t\t\t<p><strong>doTERRA, une entreprise engag\u00e9e dans l&rsquo;humain, la nature et la sant\u00e9 au quotidien<\/strong><\/p><p>doTERRA oeuvre depuis le d\u00e9but \u00e0 valoriser la puret\u00e9 de ses produits naturels qui am\u00e9liorent le bien-\u00eatre des individus et des familles tout en pr\u00e9servant l&rsquo;int\u00e9grit\u00e9 de notre patrimoine commun.\u00a0<\/p><p>Car derri\u00e8re chaque huile essentielle, il y a des humains, il y a la terre, et des savoirs faires.<\/p><p>doTERRA s&rsquo;engage dans le monde entier gr\u00e2ce \u00e0 ses actions :<\/p><ul><li>Healing hands pour soutenir un impact social durable,<\/li><li>The match program (collecte de fonds)<\/li><li>co Impact sourcing : veille \u00e0 l&rsquo;impact collectif de doTERRA<\/li><li>Lutte contre la traite des \u00eatres humains<\/li><\/ul><p>source : doTERRA<\/p>\t\t\t\t\t\t\t\t<\/div>\n\t\t\t\t\t<\/div>\n\t\t\t\t<\/div>\n\t\t<div class=\"elementor-element elementor-element-c7a189e e-flex e-con-boxed e-con e-parent\" data-id=\"c7a189e\" data-element_type=\"container\" data-e-type=\"container\">\n\t\t\t\t\t<div class=\"e-con-inner\">\n\t\t\t\t<div class=\"elementor-element elementor-element-e947723 elementor-widget-divider--view-line elementor-widget elementor-widget-divider\" data-id=\"e947723\" data-element_type=\"widget\" data-e-type=\"widget\" data-widget_type=\"divider.default\">\n\t\t\t\t\t\t\t<div class=\"elementor-divider\">\n\t\t\t<span class=\"elementor-divider-separator\">\n\t\t\t\t\t\t<\/span>\n\t\t<\/div>\n\t\t\t\t\t\t<\/div>\n\t\t\t\t\t<\/div>\n\t\t\t\t<\/div>\n\t\t<div class=\"elementor-element elementor-element-269f10c e-flex e-con-boxed e-con e-parent\" data-id=\"269f10c\" data-element_type=\"container\" data-e-type=\"container\">\n\t\t\t\t\t<div class=\"e-con-inner\">\n\t\t\t\t<div class=\"elementor-element elementor-element-a4e7da2 elementor-widget elementor-widget-text-editor\" data-id=\"a4e7da2\" data-element_type=\"widget\" data-e-type=\"widget\" data-widget_type=\"text-editor.default\">\n\t\t\t\t\t\t\t\t\t<h2>Les huiles essentielles : quelques pr\u00e9cautions \u00e0 respecter<\/h2><p>Il convient d\u2019utiliser avec pr\u00e9caution les huiles essentielles en g\u00e9n\u00e9ral et certaines en particulier en raison de la pr\u00e9sence de substances toxiques dans leur composition.<\/p><ul><li class=\"rteindent1\">Les huiles essentielles sont \u00e0 utiliser sous certaines conditions aupr\u00e8s des enfants et aux femmes enceintes. Toujours se r\u00e9f\u00e9rer aux conseils d&rsquo;un professionnel de sant\u00e9.<\/li><li class=\"rteindent1\">Elles ne doivent\u00a0jamais \u00eatre rang\u00e9es avec les produits de soin des nouveau-n\u00e9s et nourrissons\u00a0car cela augmente les risques de confusion entre les huiles essentielles et la vitamine D, notamment\u00a0;<\/li><li class=\"rteindent1\">Respecter les conditions d\u2019emploi<\/li><li class=\"rteindent1\">Bien a\u00e9rer en cas d\u2019utilisation d\u2019huile essentielle en spray ou en diffuseur\u00a0dans un espace clos<\/li><li class=\"rteindent1\">Ne pas les appliquer pures sur les muqueuses,<\/li><li class=\"rteindent1\">Se laver consciencieusement les mains apr\u00e8s application\u00a0cutan\u00e9e ou massage avec une huile essentielle<\/li><\/ul><p>source : site ANSES.fr<\/p>\t\t\t\t\t\t\t\t<\/div>\n\t\t\t\t\t<\/div>\n\t\t\t\t<\/div>\n\t\t<div class=\"elementor-element elementor-element-2fd8fb6 e-flex e-con-boxed e-con e-parent\" data-id=\"2fd8fb6\" data-element_type=\"container\" data-e-type=\"container\">\n\t\t\t\t\t<div class=\"e-con-inner\">\n\t\t\t\t<div class=\"elementor-element elementor-element-0917e63 elementor-widget-divider--view-line elementor-widget elementor-widget-divider\" data-id=\"0917e63\" data-element_type=\"widget\" data-e-type=\"widget\" data-widget_type=\"divider.default\">\n\t\t\t\t\t\t\t<div class=\"elementor-divider\">\n\t\t\t<span class=\"elementor-divider-separator\">\n\t\t\t\t\t\t<\/span>\n\t\t<\/div>\n\t\t\t\t\t\t<\/div>\n\t\t\t\t\t<\/div>\n\t\t\t\t<\/div>\n\t\t<div class=\"elementor-element elementor-element-24427f7 e-flex e-con-boxed e-con e-parent\" data-id=\"24427f7\" data-element_type=\"container\" data-e-type=\"container\">\n\t\t\t\t\t<div class=\"e-con-inner\">\n\t\t<div class=\"elementor-element elementor-element-716e74b e-con-full e-flex e-con e-child\" data-id=\"716e74b\" data-element_type=\"container\" data-e-type=\"container\">\n\t\t\t\t<div class=\"elementor-element elementor-element-2fdd4ef elementor-widget elementor-widget-text-editor\" data-id=\"2fdd4ef\" data-element_type=\"widget\" data-e-type=\"widget\" data-widget_type=\"text-editor.default\">\n\t\t\t\t\t\t\t\t\t<p>Cynthia Lagadec<\/p><p>R\u00e9flexologue et magn\u00e9tiseuse<\/p>\t\t\t\t\t\t\t\t<\/div>\n\t\t\t\t<\/div>\n\t\t<div class=\"elementor-element elementor-element-40f41e2 e-con-full e-flex e-con e-child\" data-id=\"40f41e2\" data-element_type=\"container\" data-e-type=\"container\">\n\t\t\t\t<div class=\"elementor-element elementor-element-bd276e0 elementor-widget elementor-widget-text-editor\" data-id=\"bd276e0\" data-element_type=\"widget\" data-e-type=\"widget\" data-widget_type=\"text-editor.default\">\n\t\t\t\t\t\t\t\t\t<p>Cabinet R\u00e9flexo&rsquo;magn\u00e9tique<\/p><p>P\u00f4le Sant\u00e9 et Bien-\u00eatre. 6 Route de Plabennec<\/p><p>Sur RDV au 06 82 00 35 16 ou via l&rsquo;agenda en ligne<\/p>\t\t\t\t\t\t\t\t<\/div>\n\t\t\t\t<\/div>\n\t\t\t\t\t<\/div>\n\t\t\t\t<\/div>\n\t\t<div class=\"elementor-element elementor-element-22dbdc9 e-flex e-con-boxed e-con e-parent\" data-id=\"22dbdc9\" data-element_type=\"container\" data-e-type=\"container\">\n\t\t\t\t\t<div class=\"e-con-inner\">\n\t\t\t\t<div class=\"elementor-element elementor-element-b686975 elementor-widget-divider--view-line elementor-widget elementor-widget-divider\" data-id=\"b686975\" data-element_type=\"widget\" data-e-type=\"widget\" data-widget_type=\"divider.default\">\n\t\t\t\t\t\t\t<div class=\"elementor-divider\">\n\t\t\t<span class=\"elementor-divider-separator\">\n\t\t\t\t\t\t<\/span>\n\t\t<\/div>\n\t\t\t\t\t\t<\/div>\n\t\t\t\t\t<\/div>\n\t\t\t\t<\/div>\n\t\t<div class=\"elementor-element elementor-element-e5f1476 e-grid e-con-boxed e-con e-parent\" data-id=\"e5f1476\" data-element_type=\"container\" data-e-type=\"container\">\n\t\t\t\t\t<div class=\"e-con-inner\">\n\t\t\t\t<div class=\"elementor-element elementor-element-a1fb842 elementor-widget elementor-widget-text-editor\" data-id=\"a1fb842\" data-element_type=\"widget\" data-e-type=\"widget\" data-widget_type=\"text-editor.default\">\n\t\t\t\t\t\t\t\t\t<p><a href=\"https:\/\/reflexomagnetique.com\/index.php\/privacy-policy\/\">Politique de confidentialit\u00e9<\/a><\/p>\t\t\t\t\t\t\t\t<\/div>\n\t\t\t\t<div class=\"elementor-element elementor-element-57709fb elementor-widget elementor-widget-text-editor\" data-id=\"57709fb\" data-element_type=\"widget\" data-e-type=\"widget\" data-widget_type=\"text-editor.default\">\n\t\t\t\t\t\t\t\t\t<p><a href=\"https:\/\/reflexomagnetique.com\/index.php\/privacy-policy\/\">Mentions l\u00e9gales<\/a><\/p>\t\t\t\t\t\t\t\t<\/div>\n\t\t\t\t<div class=\"elementor-element elementor-element-595edc1 elementor-widget elementor-widget-text-editor\" data-id=\"595edc1\" data-element_type=\"widget\" data-e-type=\"widget\" data-widget_type=\"text-editor.default\">\n\t\t\t\t\t\t\t\t\t<p>Site r\u00e9alis\u00e9 par R\u00e9flexo&rsquo;magn\u00e9tique<\/p>\t\t\t\t\t\t\t\t<\/div>\n\t\t\t\t\t<\/div>\n\t\t\t\t<\/div>\n\t\t\t\t<\/div>\n\t\t","protected":false},"excerpt":{"rendered":"<p>Plongez dans la 3\u00e8me dimension sensorielle gr\u00e2ce \u00e0 la r\u00e9flexologie et les huiles essentielles 1 &#8211; une exp\u00e9rience olfactive m\u00e9morable, gr\u00e2ce au choix de(s) essence(s) [&#8230;]<\/p>\n","protected":false},"author":1,"featured_media":48,"parent":0,"menu_order":5,"comment_status":"closed","ping_status":"closed","template":"elementor_header_footer","meta":{"footnotes":""},"class_list":["post-38","page","type-page","status-publish","has-post-thumbnail","hentry"],"_links":{"self":[{"href":"https:\/\/reflexomagnetique.com\/index.php\/wp-json\/wp\/v2\/pages\/38","targetHints":{"allow":["GET"]}}],"collection":[{"href":"https:\/\/reflexomagnetique.com\/index.php\/wp-json\/wp\/v2\/pages"}],"about":[{"href":"https:\/\/reflexomagnetique.com\/index.php\/wp-json\/wp\/v2\/types\/page"}],"author":[{"embeddable":true,"href":"https:\/\/reflexomagnetique.com\/index.php\/wp-json\/wp\/v2\/users\/1"}],"replies":[{"embeddable":true,"href":"https:\/\/reflexomagnetique.com\/index.php\/wp-json\/wp\/v2\/comments?post=38"}],"version-history":[{"count":47,"href":"https:\/\/reflexomagnetique.com\/index.php\/wp-json\/wp\/v2\/pages\/38\/revisions"}],"predecessor-version":[{"id":827,"href":"https:\/\/reflexomagnetique.com\/index.php\/wp-json\/wp\/v2\/pages\/38\/revisions\/827"}],"wp:featuredmedia":[{"embeddable":true,"href":"https:\/\/reflexomagnetique.com\/index.php\/wp-json\/wp\/v2\/media\/48"}],"wp:attachment":[{"href":"https:\/\/reflexomagnetique.com\/index.php\/wp-json\/wp\/v2\/media?parent=38"}],"curies":[{"name":"wp","href":"https:\/\/api.w.org\/{rel}","templated":true}]}}