{"id":31,"date":"2025-10-14T07:40:22","date_gmt":"2025-10-14T07:40:22","guid":{"rendered":"http:\/\/reflexo.cluster100.hosting.ovh.net\/index.php\/contact-us\/"},"modified":"2026-04-02T12:55:27","modified_gmt":"2026-04-02T12:55:27","slug":"reflexologie-anti-stress","status":"publish","type":"page","link":"https:\/\/reflexomagnetique.com\/index.php\/reflexologie-anti-stress\/","title":{"rendered":"Massages anti-stress"},"content":{"rendered":"\t\t<div data-elementor-type=\"wp-page\" data-elementor-id=\"31\" class=\"elementor elementor-31\">\n\t\t\t\t<div class=\"elementor-element elementor-element-22eeff0 e-flex e-con-boxed e-con e-parent\" data-id=\"22eeff0\" data-element_type=\"container\" data-e-type=\"container\">\n\t\t\t\t\t<div class=\"e-con-inner\">\n\t\t\t\t<div class=\"elementor-element elementor-element-ec40dc8 elementor-widget elementor-widget-text-editor\" data-id=\"ec40dc8\" data-element_type=\"widget\" data-e-type=\"widget\" data-widget_type=\"text-editor.default\">\n\t\t\t\t\t\t\t\t\t<h1>Les massages anti-stress R\u00e9flexo&rsquo;r\u00e9pit &amp; cartes cadeau\u00a0<\/h1>\t\t\t\t\t\t\t\t<\/div>\n\t\t\t\t\t<\/div>\n\t\t\t\t<\/div>\n\t\t<div class=\"elementor-element elementor-element-ca95f09 e-flex e-con-boxed e-con e-parent\" data-id=\"ca95f09\" data-element_type=\"container\" data-e-type=\"container\">\n\t\t\t\t\t<div class=\"e-con-inner\">\n\t\t\t\t<div class=\"elementor-element elementor-element-b04c01d elementor-widget-divider--view-line elementor-widget elementor-widget-divider\" data-id=\"b04c01d\" data-element_type=\"widget\" data-e-type=\"widget\" data-widget_type=\"divider.default\">\n\t\t\t\t\t\t\t<div class=\"elementor-divider\">\n\t\t\t<span class=\"elementor-divider-separator\">\n\t\t\t\t\t\t<\/span>\n\t\t<\/div>\n\t\t\t\t\t\t<\/div>\n\t\t\t\t\t<\/div>\n\t\t\t\t<\/div>\n\t\t<div class=\"elementor-element elementor-element-46c09e2 e-flex e-con-boxed e-con e-parent\" data-id=\"46c09e2\" data-element_type=\"container\" data-e-type=\"container\">\n\t\t\t\t\t<div class=\"e-con-inner\">\n\t\t\t\t<div class=\"elementor-element elementor-element-f7290dd elementor-widget elementor-widget-text-editor\" data-id=\"f7290dd\" data-element_type=\"widget\" data-e-type=\"widget\" data-widget_type=\"text-editor.default\">\n\t\t\t\t\t\t\t\t\t<h2>R\u00e9flexo&rsquo;r\u00e9pit, les massages anti-stress qui font du bien au corps et \u00e0 l&rsquo;esprit<\/h2><p>Voil\u00e0 pour vous mes 3 s\u00e9ances<strong> R\u00e9flexo&rsquo;r\u00e9pit <\/strong>pour agir r\u00e9guli\u00e8rement sur votre \u00e9tat de stress ou vous faire plaisir tout au long de l&rsquo;ann\u00e9e.\u00a0<\/p><p><strong><span style=\"text-decoration: underline;\">Un pas vers soi <\/span><\/strong><\/p><p><span class=\"a_GcMg font-feature-liga-off font-feature-clig-off font-feature-calt-off text-decoration-none text-strikethrough-none\">C\u2019est la s\u00e9ance parfaite avant le week-end ou avant les vacances pour d\u00e9poser les valises de pressions accumul\u00e9es dans la semaine. Vous \u00eates imm\u00e9diatement d\u00e9tendu pour profiter de votre temps de repos.<\/span><\/p><p>Cette s\u00e9ance dure <strong>1h<\/strong>, et vous aurez le choix entre :<\/p><ul><li><strong>R\u00e9flexologie plantaire :<\/strong> pour vous apporter une d\u00e9tente profonde, imm\u00e9diate, et repartir le pas l\u00e9ger dans tous les sens du terme.<\/li><li><strong>R\u00e9flexologie palmaire (mains) :<\/strong> c&rsquo;est un massage tr\u00e8s agr\u00e9able et favorisant la l\u00e2cher prise, id\u00e9al \u00e9galement pour les personnes qui travaillent durement avec leurs mains.<\/li><li><strong>R\u00e9flexologie du visage :<\/strong> pour dissiper le brouillard mental et d\u00e9tendre les muscles du visage, notamment ceux de la m\u00e2choire.\u00a0<\/li><li><strong>Le massage du dos :<\/strong> ce massage est exceptionnel pour tout ceux qui ressentent le poids des tensions, pratiqu\u00e9 en pleine conscience des \u00e9motions et par mouvements appuy\u00e9s mais en douceur.<\/li><\/ul><p><em>tarif 2026 : 50\u20ac<\/em><\/p><p><strong><span style=\"text-decoration: underline;\">A l&rsquo;\u00e9coute de soi<\/span><\/strong><\/p><p class=\"cvGsUA direction-ltr align-start para-style-body\"><span class=\"a_GcMg font-feature-liga-off font-feature-clig-off font-feature-calt-off text-decoration-none text-strikethrough-none\">Vous sentez-vous en veille permanente? Avez-vous pass\u00e9 un cap r\u00e9cemment dans votre vie? <\/span><\/p><p class=\"cvGsUA direction-ltr align-start para-style-body\"><span class=\"a_GcMg font-feature-liga-off font-feature-clig-off font-feature-calt-off text-decoration-none text-strikethrough-none\">Cette s\u00e9ance d\u2019<strong>1h30<\/strong><\/span><span class=\"a_GcMg font-feature-liga-off font-feature-clig-off font-feature-calt-off text-decoration-none text-strikethrough-none\"> est une v\u00e9ritable <\/span><span class=\"a_GcMg font-feature-liga-off font-feature-clig-off font-feature-calt-off text-decoration-none text-strikethrough-none\">r\u00e9compense <\/span><span class=\"a_GcMg font-feature-liga-off font-feature-clig-off font-feature-calt-off text-decoration-none text-strikethrough-none\">pour votre corps et un <\/span><span class=\"a_GcMg font-feature-liga-off font-feature-clig-off font-feature-calt-off text-decoration-none text-strikethrough-none\">beau message de r\u00e9pit<\/span><span class=\"a_GcMg font-feature-liga-off font-feature-clig-off font-feature-calt-off text-decoration-none text-strikethrough-none\"> adress\u00e9 \u00e0 votre mental.<\/span><\/p><p><span style=\"text-decoration: underline;\">Vous aurez le choix entre :<\/span><\/p><ul><li>Massage du dos &amp; r\u00e9flexologie plantaire<\/li><li>Massage du dos et r\u00e9flexologie palmaire<\/li><li>Massage du dos et r\u00e9flexologie du visage<\/li><li>R\u00e9flexologie palmaire &amp; plantaire<\/li><li>R\u00e9flexologie visage &amp; plantaire<\/li><li>R\u00e9flexologie visage &amp; palmaire<\/li><\/ul><p><em>tarif 2026 : 75\u20ac<\/em><\/p><p><span style=\"text-decoration: underline;\"><strong>Nouveau d\u00e9part<\/strong><\/span><\/p><p class=\"cvGsUA direction-ltr align-start para-style-body\"><span class=\"a_GcMg font-feature-liga-off font-feature-clig-off font-feature-calt-off text-decoration-none text-strikethrough-none\">Vous vivez un changement de vie, d\u00e9cid\u00e9 ou subi? Vous souhaitez retrouver votre \u00e9lan et aller de l\u2019avant?<\/span><\/p><p class=\"cvGsUA direction-ltr align-start para-style-body\"><span class=\"a_GcMg font-feature-liga-off font-feature-clig-off font-feature-calt-off text-decoration-none text-strikethrough-none\">Cette s\u00e9ance contribuera \u00e0 vous soutenir dans ce passage de votre vie en prenant de la hauteur.<\/span><\/p><p class=\"cvGsUA direction-ltr align-start para-style-body\"><span class=\"a_GcMg font-feature-liga-off font-feature-clig-off font-feature-calt-off text-decoration-none text-strikethrough-none\">Pendant <\/span><span class=\"a_GcMg font-feature-liga-off font-feature-clig-off font-feature-calt-off text-decoration-none text-strikethrough-none\"><strong>2h15<\/strong>, v<\/span><span class=\"a_GcMg font-feature-liga-off font-feature-clig-off font-feature-calt-off text-decoration-none text-strikethrough-none\">ous naviguerez au gr\u00e8s des <\/span><span class=\"a_GcMg font-feature-liga-off font-feature-clig-off font-feature-calt-off text-decoration-none text-strikethrough-none\">4 soins.<\/span><\/p><ul><li class=\"cvGsUA direction-ltr align-start para-style-body\">Massage du dos<\/li><li>R\u00e9flexologie du visage<\/li><li>R\u00e9flexologie des mains ou plantaire<\/li><li>Soin d&rsquo;\u00e9quilibrage \u00e9nerg\u00e9tique gr\u00e2ce au\u00a0 magn\u00e9tisme<\/li><\/ul><p><em>tarif 2026 : 120\u20ac<\/em><\/p>\t\t\t\t\t\t\t\t<\/div>\n\t\t\t\t\t<\/div>\n\t\t\t\t<\/div>\n\t\t<div class=\"elementor-element elementor-element-6e13b83 e-flex e-con-boxed e-con e-parent\" data-id=\"6e13b83\" data-element_type=\"container\" data-e-type=\"container\">\n\t\t\t\t\t<div class=\"e-con-inner\">\n\t\t\t\t<div class=\"elementor-element elementor-element-a331d0f elementor-widget-divider--view-line elementor-widget elementor-widget-divider\" data-id=\"a331d0f\" data-element_type=\"widget\" data-e-type=\"widget\" data-widget_type=\"divider.default\">\n\t\t\t\t\t\t\t<div class=\"elementor-divider\">\n\t\t\t<span class=\"elementor-divider-separator\">\n\t\t\t\t\t\t<\/span>\n\t\t<\/div>\n\t\t\t\t\t\t<\/div>\n\t\t\t\t\t<\/div>\n\t\t\t\t<\/div>\n\t\t<div class=\"elementor-element elementor-element-c6190bf e-grid e-con-boxed e-con e-parent\" data-id=\"c6190bf\" data-element_type=\"container\" data-e-type=\"container\">\n\t\t\t\t\t<div class=\"e-con-inner\">\n\t\t\t\t<div class=\"elementor-element elementor-element-522826f elementor-widget elementor-widget-image\" data-id=\"522826f\" data-element_type=\"widget\" data-e-type=\"widget\" data-widget_type=\"image.default\">\n\t\t\t\t\t\t\t\t\t\t\t\t\t\t\t<img fetchpriority=\"high\" decoding=\"async\" width=\"900\" height=\"900\" src=\"https:\/\/reflexomagnetique.com\/wp-content\/uploads\/2025\/10\/a-lecoute-de-soi-1024x1024.png\" class=\"attachment-large size-large wp-image-226\" alt=\"\" srcset=\"https:\/\/reflexomagnetique.com\/wp-content\/uploads\/2025\/10\/a-lecoute-de-soi-1024x1024.png 1024w, https:\/\/reflexomagnetique.com\/wp-content\/uploads\/2025\/10\/a-lecoute-de-soi-300x300.webp 300w, https:\/\/reflexomagnetique.com\/wp-content\/uploads\/2025\/10\/a-lecoute-de-soi-150x150.png 150w, https:\/\/reflexomagnetique.com\/wp-content\/uploads\/2025\/10\/a-lecoute-de-soi-768x768.png 768w, https:\/\/reflexomagnetique.com\/wp-content\/uploads\/2025\/10\/a-lecoute-de-soi-900x900.png 900w, https:\/\/reflexomagnetique.com\/wp-content\/uploads\/2025\/10\/a-lecoute-de-soi.webp 1080w\" sizes=\"(max-width: 900px) 100vw, 900px\" \/>\t\t\t\t\t\t\t\t\t\t\t\t\t\t\t<\/div>\n\t\t\t\t<div class=\"elementor-element elementor-element-07733d8 elementor-widget elementor-widget-image\" data-id=\"07733d8\" data-element_type=\"widget\" data-e-type=\"widget\" data-widget_type=\"image.default\">\n\t\t\t\t\t\t\t\t\t\t\t\t\t\t\t<img decoding=\"async\" width=\"900\" height=\"900\" src=\"https:\/\/reflexomagnetique.com\/wp-content\/uploads\/2025\/10\/MoraMora-Zen-1024x1024.webp\" class=\"attachment-large size-large wp-image-225\" alt=\"\" srcset=\"https:\/\/reflexomagnetique.com\/wp-content\/uploads\/2025\/10\/MoraMora-Zen-1024x1024.webp 1024w, https:\/\/reflexomagnetique.com\/wp-content\/uploads\/2025\/10\/MoraMora-Zen-300x300.webp 300w, https:\/\/reflexomagnetique.com\/wp-content\/uploads\/2025\/10\/MoraMora-Zen-150x150.webp 150w, https:\/\/reflexomagnetique.com\/wp-content\/uploads\/2025\/10\/MoraMora-Zen-768x768.webp 768w, https:\/\/reflexomagnetique.com\/wp-content\/uploads\/2025\/10\/MoraMora-Zen-900x900.webp 900w, https:\/\/reflexomagnetique.com\/wp-content\/uploads\/2025\/10\/MoraMora-Zen.webp 1080w\" sizes=\"(max-width: 900px) 100vw, 900px\" \/>\t\t\t\t\t\t\t\t\t\t\t\t\t\t\t<\/div>\n\t\t\t\t<div class=\"elementor-element elementor-element-094edce elementor-widget elementor-widget-image\" data-id=\"094edce\" data-element_type=\"widget\" data-e-type=\"widget\" data-widget_type=\"image.default\">\n\t\t\t\t\t\t\t\t\t\t\t\t\t\t\t<img decoding=\"async\" width=\"900\" height=\"900\" src=\"https:\/\/reflexomagnetique.com\/wp-content\/uploads\/2025\/10\/Nouveau-depart-1024x1024.webp\" class=\"attachment-large size-large wp-image-227\" alt=\"\" srcset=\"https:\/\/reflexomagnetique.com\/wp-content\/uploads\/2025\/10\/Nouveau-depart-1024x1024.webp 1024w, https:\/\/reflexomagnetique.com\/wp-content\/uploads\/2025\/10\/Nouveau-depart-300x300.webp 300w, https:\/\/reflexomagnetique.com\/wp-content\/uploads\/2025\/10\/Nouveau-depart-150x150.webp 150w, https:\/\/reflexomagnetique.com\/wp-content\/uploads\/2025\/10\/Nouveau-depart-768x768.webp 768w, https:\/\/reflexomagnetique.com\/wp-content\/uploads\/2025\/10\/Nouveau-depart-900x900.webp 900w, https:\/\/reflexomagnetique.com\/wp-content\/uploads\/2025\/10\/Nouveau-depart.webp 1080w\" sizes=\"(max-width: 900px) 100vw, 900px\" \/>\t\t\t\t\t\t\t\t\t\t\t\t\t\t\t<\/div>\n\t\t\t\t\t<\/div>\n\t\t\t\t<\/div>\n\t\t<div class=\"elementor-element elementor-element-c64b68f e-flex e-con-boxed e-con e-parent\" data-id=\"c64b68f\" data-element_type=\"container\" data-e-type=\"container\">\n\t\t\t\t\t<div class=\"e-con-inner\">\n\t\t\t\t<div class=\"elementor-element elementor-element-dd559cf elementor-widget-divider--view-line elementor-widget elementor-widget-divider\" data-id=\"dd559cf\" data-element_type=\"widget\" data-e-type=\"widget\" data-widget_type=\"divider.default\">\n\t\t\t\t\t\t\t<div class=\"elementor-divider\">\n\t\t\t<span class=\"elementor-divider-separator\">\n\t\t\t\t\t\t<\/span>\n\t\t<\/div>\n\t\t\t\t\t\t<\/div>\n\t\t\t\t\t<\/div>\n\t\t\t\t<\/div>\n\t\t<div class=\"elementor-element elementor-element-079ea89 e-flex e-con-boxed e-con e-parent\" data-id=\"079ea89\" data-element_type=\"container\" data-e-type=\"container\">\n\t\t\t\t\t<div class=\"e-con-inner\">\n\t\t<div class=\"elementor-element elementor-element-0f2ec55 e-con-full e-flex e-con e-child\" data-id=\"0f2ec55\" data-element_type=\"container\" data-e-type=\"container\">\n\t\t\t\t<div class=\"elementor-element elementor-element-4299928 elementor-widget elementor-widget-text-editor\" data-id=\"4299928\" data-element_type=\"widget\" data-e-type=\"widget\" data-widget_type=\"text-editor.default\">\n\t\t\t\t\t\t\t\t\t<h1>La carte cadeau R\u00e9flexo&rsquo;r\u00e9pit<\/h1><p><strong>Tout au long de l&rsquo;ann\u00e9e, offrez du bien-\u00eatre et de la vitalit\u00e9 gr\u00e2ce aux cartes cadeau R\u00e9flexo&rsquo;r\u00e9pit.<\/strong><\/p><p>Vous pourrez les offrir pour des s\u00e9ances \u00e0 l&rsquo;unit\u00e9 ou m\u00eame sous forme de bon cadeau de la valeur de votre choix.\u00a0<\/p><h2>Pour vos cartes cadeau, il suffit de me contacter directement au 06 82 00 35 16.<\/h2>\t\t\t\t\t\t\t\t<\/div>\n\t\t\t\t<\/div>\n\t\t<div class=\"elementor-element elementor-element-8ef2c32 e-con-full e-flex e-con e-child\" data-id=\"8ef2c32\" data-element_type=\"container\" data-e-type=\"container\">\n\t\t\t\t<div class=\"elementor-element elementor-element-3c39f29 elementor-widget elementor-widget-image\" data-id=\"3c39f29\" data-element_type=\"widget\" data-e-type=\"widget\" data-widget_type=\"image.default\">\n\t\t\t\t\t\t\t\t\t\t\t\t\t\t\t<img loading=\"lazy\" decoding=\"async\" width=\"900\" height=\"506\" src=\"https:\/\/reflexomagnetique.com\/wp-content\/uploads\/2025\/11\/carte-cadeau-2025-1024x576.jpg\" class=\"attachment-large size-large wp-image-957\" alt=\"\" srcset=\"https:\/\/reflexomagnetique.com\/wp-content\/uploads\/2025\/11\/carte-cadeau-2025-1024x576.jpg 1024w, https:\/\/reflexomagnetique.com\/wp-content\/uploads\/2025\/11\/carte-cadeau-2025-300x169.jpg 300w, https:\/\/reflexomagnetique.com\/wp-content\/uploads\/2025\/11\/carte-cadeau-2025-768x432.jpg 768w, https:\/\/reflexomagnetique.com\/wp-content\/uploads\/2025\/11\/carte-cadeau-2025-1536x864.jpg 1536w, https:\/\/reflexomagnetique.com\/wp-content\/uploads\/2025\/11\/carte-cadeau-2025-2048x1152.jpg 2048w, https:\/\/reflexomagnetique.com\/wp-content\/uploads\/2025\/11\/carte-cadeau-2025-1800x1013.jpg 1800w, https:\/\/reflexomagnetique.com\/wp-content\/uploads\/2025\/11\/carte-cadeau-2025-1840x1035.jpg 1840w\" sizes=\"(max-width: 900px) 100vw, 900px\" \/>\t\t\t\t\t\t\t\t\t\t\t\t\t\t\t<\/div>\n\t\t\t\t<div class=\"elementor-element elementor-element-0544c8e elementor-widget elementor-widget-text-editor\" data-id=\"0544c8e\" data-element_type=\"widget\" data-e-type=\"widget\" data-widget_type=\"text-editor.default\">\n\t\t\t\t\t\t\t\t\t<p><strong>Retrait des cartes au cabinet<\/strong><\/p><p><strong>Envoi postal ou par e-mail.<\/strong><\/p>\t\t\t\t\t\t\t\t<\/div>\n\t\t\t\t<\/div>\n\t\t\t\t\t<\/div>\n\t\t\t\t<\/div>\n\t\t<div class=\"elementor-element elementor-element-cc81389 e-flex e-con-boxed e-con e-parent\" data-id=\"cc81389\" data-element_type=\"container\" data-e-type=\"container\">\n\t\t\t\t\t<div class=\"e-con-inner\">\n\t\t\t\t<div class=\"elementor-element elementor-element-8e5912d elementor-widget-divider--view-line elementor-widget elementor-widget-divider\" data-id=\"8e5912d\" data-element_type=\"widget\" data-e-type=\"widget\" data-widget_type=\"divider.default\">\n\t\t\t\t\t\t\t<div class=\"elementor-divider\">\n\t\t\t<span class=\"elementor-divider-separator\">\n\t\t\t\t\t\t<\/span>\n\t\t<\/div>\n\t\t\t\t\t\t<\/div>\n\t\t\t\t\t<\/div>\n\t\t\t\t<\/div>\n\t\t<div class=\"elementor-element elementor-element-fe36713 e-flex e-con-boxed e-con e-parent\" data-id=\"fe36713\" data-element_type=\"container\" data-e-type=\"container\">\n\t\t\t\t\t<div class=\"e-con-inner\">\n\t\t<div class=\"elementor-element elementor-element-5584bfd e-con-full e-flex e-con e-child\" data-id=\"5584bfd\" data-element_type=\"container\" data-e-type=\"container\">\n\t\t\t\t<div class=\"elementor-element elementor-element-81af41c elementor-widget elementor-widget-text-editor\" data-id=\"81af41c\" data-element_type=\"widget\" data-e-type=\"widget\" data-widget_type=\"text-editor.default\">\n\t\t\t\t\t\t\t\t\t<h2>R\u00e9servez votre s\u00e9ance R\u00e9flexo&rsquo;r\u00e9pit<\/h2>\t\t\t\t\t\t\t\t<\/div>\n\t\t\t\t<\/div>\n\t\t<div class=\"elementor-element elementor-element-960fc07 e-con-full e-flex e-con e-child\" data-id=\"960fc07\" data-element_type=\"container\" data-e-type=\"container\">\n\t\t\t\t<div class=\"elementor-element elementor-element-e0f1f55 elementor-align-center elementor-widget elementor-widget-button\" data-id=\"e0f1f55\" data-element_type=\"widget\" data-e-type=\"widget\" data-widget_type=\"button.default\">\n\t\t\t\t\t\t\t\t\t\t<a class=\"elementor-button elementor-button-link elementor-size-sm\" href=\"https:\/\/www.sumupbookings.com\/cynthialagadecreflexo\">\n\t\t\t\t\t\t<span class=\"elementor-button-content-wrapper\">\n\t\t\t\t\t\t<span class=\"elementor-button-icon\">\n\t\t\t\t<svg aria-hidden=\"true\" class=\"e-font-icon-svg e-far-calendar-alt\" viewBox=\"0 0 448 512\" xmlns=\"http:\/\/www.w3.org\/2000\/svg\"><path d=\"M148 288h-40c-6.6 0-12-5.4-12-12v-40c0-6.6 5.4-12 12-12h40c6.6 0 12 5.4 12 12v40c0 6.6-5.4 12-12 12zm108-12v-40c0-6.6-5.4-12-12-12h-40c-6.6 0-12 5.4-12 12v40c0 6.6 5.4 12 12 12h40c6.6 0 12-5.4 12-12zm96 0v-40c0-6.6-5.4-12-12-12h-40c-6.6 0-12 5.4-12 12v40c0 6.6 5.4 12 12 12h40c6.6 0 12-5.4 12-12zm-96 96v-40c0-6.6-5.4-12-12-12h-40c-6.6 0-12 5.4-12 12v40c0 6.6 5.4 12 12 12h40c6.6 0 12-5.4 12-12zm-96 0v-40c0-6.6-5.4-12-12-12h-40c-6.6 0-12 5.4-12 12v40c0 6.6 5.4 12 12 12h40c6.6 0 12-5.4 12-12zm192 0v-40c0-6.6-5.4-12-12-12h-40c-6.6 0-12 5.4-12 12v40c0 6.6 5.4 12 12 12h40c6.6 0 12-5.4 12-12zm96-260v352c0 26.5-21.5 48-48 48H48c-26.5 0-48-21.5-48-48V112c0-26.5 21.5-48 48-48h48V12c0-6.6 5.4-12 12-12h40c6.6 0 12 5.4 12 12v52h128V12c0-6.6 5.4-12 12-12h40c6.6 0 12 5.4 12 12v52h48c26.5 0 48 21.5 48 48zm-48 346V160H48v298c0 3.3 2.7 6 6 6h340c3.3 0 6-2.7 6-6z\"><\/path><\/svg>\t\t\t<\/span>\n\t\t\t\t\t\t\t\t\t<span class=\"elementor-button-text\">R\u00e9servez votre s\u00e9ance<\/span>\n\t\t\t\t\t<\/span>\n\t\t\t\t\t<\/a>\n\t\t\t\t\t\t\t\t<\/div>\n\t\t\t\t<\/div>\n\t\t\t\t\t<\/div>\n\t\t\t\t<\/div>\n\t\t<div class=\"elementor-element elementor-element-95feb1f e-flex e-con-boxed e-con e-parent\" data-id=\"95feb1f\" data-element_type=\"container\" data-e-type=\"container\">\n\t\t\t\t\t<div class=\"e-con-inner\">\n\t\t\t\t<div class=\"elementor-element elementor-element-94f5509 elementor-widget-divider--view-line elementor-widget elementor-widget-divider\" data-id=\"94f5509\" data-element_type=\"widget\" data-e-type=\"widget\" data-widget_type=\"divider.default\">\n\t\t\t\t\t\t\t<div class=\"elementor-divider\">\n\t\t\t<span class=\"elementor-divider-separator\">\n\t\t\t\t\t\t<\/span>\n\t\t<\/div>\n\t\t\t\t\t\t<\/div>\n\t\t\t\t\t<\/div>\n\t\t\t\t<\/div>\n\t\t<div class=\"elementor-element elementor-element-b1fcb67 e-flex e-con-boxed e-con e-parent\" data-id=\"b1fcb67\" data-element_type=\"container\" data-e-type=\"container\">\n\t\t\t\t\t<div class=\"e-con-inner\">\n\t\t<div class=\"elementor-element elementor-element-6cb85c9 e-con-full e-flex e-con e-child\" data-id=\"6cb85c9\" data-element_type=\"container\" data-e-type=\"container\">\n\t\t\t\t<div class=\"elementor-element elementor-element-57cd301 elementor-widget elementor-widget-text-editor\" data-id=\"57cd301\" data-element_type=\"widget\" data-e-type=\"widget\" data-widget_type=\"text-editor.default\">\n\t\t\t\t\t\t\t\t\t<p>Cynthia Lagadec<\/p><p>R\u00e9flexologue et magn\u00e9tiseuse<\/p>\t\t\t\t\t\t\t\t<\/div>\n\t\t\t\t<\/div>\n\t\t<div class=\"elementor-element elementor-element-242079f e-con-full e-flex e-con e-child\" data-id=\"242079f\" data-element_type=\"container\" data-e-type=\"container\">\n\t\t\t\t<div class=\"elementor-element elementor-element-7d4865e elementor-widget elementor-widget-text-editor\" data-id=\"7d4865e\" data-element_type=\"widget\" data-e-type=\"widget\" data-widget_type=\"text-editor.default\">\n\t\t\t\t\t\t\t\t\t<p>Cabinet R\u00e9flexo&rsquo;magn\u00e9tique<\/p><p>P\u00f4le sant\u00e9 et Bien-\u00eatre. 6 route de Plabennec 29860 Kersaint-Plabennec<\/p><p>Sur RDV au 06 82 00 35 16 ou via l&rsquo;agenda en ligne<\/p>\t\t\t\t\t\t\t\t<\/div>\n\t\t\t\t<\/div>\n\t\t\t\t\t<\/div>\n\t\t\t\t<\/div>\n\t\t<div class=\"elementor-element elementor-element-6f9b2fd e-flex e-con-boxed e-con e-parent\" data-id=\"6f9b2fd\" data-element_type=\"container\" data-e-type=\"container\">\n\t\t\t\t\t<div class=\"e-con-inner\">\n\t\t\t\t<div class=\"elementor-element elementor-element-a554ba7 elementor-widget-divider--view-line elementor-widget elementor-widget-divider\" data-id=\"a554ba7\" data-element_type=\"widget\" data-e-type=\"widget\" data-widget_type=\"divider.default\">\n\t\t\t\t\t\t\t<div class=\"elementor-divider\">\n\t\t\t<span class=\"elementor-divider-separator\">\n\t\t\t\t\t\t<\/span>\n\t\t<\/div>\n\t\t\t\t\t\t<\/div>\n\t\t\t\t\t<\/div>\n\t\t\t\t<\/div>\n\t\t<div class=\"elementor-element elementor-element-73051fd e-grid e-con-boxed e-con e-parent\" data-id=\"73051fd\" data-element_type=\"container\" data-e-type=\"container\">\n\t\t\t\t\t<div class=\"e-con-inner\">\n\t\t\t\t<div class=\"elementor-element elementor-element-b5ea31a elementor-widget elementor-widget-text-editor\" data-id=\"b5ea31a\" data-element_type=\"widget\" data-e-type=\"widget\" data-widget_type=\"text-editor.default\">\n\t\t\t\t\t\t\t\t\t<p><a href=\"https:\/\/reflexomagnetique.com\/index.php\/privacy-policy\/\">Politique de confidentialit\u00e9<\/a><\/p>\t\t\t\t\t\t\t\t<\/div>\n\t\t\t\t<div class=\"elementor-element elementor-element-11a9500 elementor-widget elementor-widget-text-editor\" data-id=\"11a9500\" data-element_type=\"widget\" data-e-type=\"widget\" data-widget_type=\"text-editor.default\">\n\t\t\t\t\t\t\t\t\t<p><a href=\"https:\/\/reflexomagnetique.com\/index.php\/privacy-policy\/\">Mentions l\u00e9gales<\/a><\/p>\t\t\t\t\t\t\t\t<\/div>\n\t\t\t\t<div class=\"elementor-element elementor-element-e9e3c18 elementor-widget elementor-widget-text-editor\" data-id=\"e9e3c18\" data-element_type=\"widget\" data-e-type=\"widget\" data-widget_type=\"text-editor.default\">\n\t\t\t\t\t\t\t\t\t<p>Site r\u00e9alis\u00e9 par R\u00e9flexo&rsquo;magn\u00e9tique<\/p>\t\t\t\t\t\t\t\t<\/div>\n\t\t\t\t\t<\/div>\n\t\t\t\t<\/div>\n\t\t\t\t<\/div>\n\t\t","protected":false},"excerpt":{"rendered":"<p>Les massages anti-stress R\u00e9flexo&rsquo;r\u00e9pit &amp; cartes cadeau\u00a0 R\u00e9flexo&rsquo;r\u00e9pit, les massages anti-stress qui font du bien au corps et \u00e0 l&rsquo;esprit Voil\u00e0 pour vous mes 3 [&#8230;]<\/p>\n","protected":false},"author":1,"featured_media":37,"parent":0,"menu_order":2,"comment_status":"closed","ping_status":"closed","template":"elementor_header_footer","meta":{"footnotes":""},"class_list":["post-31","page","type-page","status-publish","has-post-thumbnail","hentry"],"_links":{"self":[{"href":"https:\/\/reflexomagnetique.com\/index.php\/wp-json\/wp\/v2\/pages\/31","targetHints":{"allow":["GET"]}}],"collection":[{"href":"https:\/\/reflexomagnetique.com\/index.php\/wp-json\/wp\/v2\/pages"}],"about":[{"href":"https:\/\/reflexomagnetique.com\/index.php\/wp-json\/wp\/v2\/types\/page"}],"author":[{"embeddable":true,"href":"https:\/\/reflexomagnetique.com\/index.php\/wp-json\/wp\/v2\/users\/1"}],"replies":[{"embeddable":true,"href":"https:\/\/reflexomagnetique.com\/index.php\/wp-json\/wp\/v2\/comments?post=31"}],"version-history":[{"count":165,"href":"https:\/\/reflexomagnetique.com\/index.php\/wp-json\/wp\/v2\/pages\/31\/revisions"}],"predecessor-version":[{"id":1528,"href":"https:\/\/reflexomagnetique.com\/index.php\/wp-json\/wp\/v2\/pages\/31\/revisions\/1528"}],"wp:featuredmedia":[{"embeddable":true,"href":"https:\/\/reflexomagnetique.com\/index.php\/wp-json\/wp\/v2\/media\/37"}],"wp:attachment":[{"href":"https:\/\/reflexomagnetique.com\/index.php\/wp-json\/wp\/v2\/media?parent=31"}],"curies":[{"name":"wp","href":"https:\/\/api.w.org\/{rel}","templated":true}]}}